{"id":4811,"date":"2024-11-01T10:58:20","date_gmt":"2024-11-01T10:58:20","guid":{"rendered":"https:\/\/www.coztadeluxe.com\/?page_id=4811"},"modified":"2026-03-13T21:09:42","modified_gmt":"2026-03-13T21:09:42","slug":"portfolio","status":"publish","type":"page","link":"https:\/\/www.coztadeluxe.com\/de\/portfolio\/","title":{"rendered":"Portfolio"},"content":{"rendered":"<div class=\"wpb-content-wrapper\"><p>[vc_row full_width=&#8220;stretch_row_content&#8220; row_padding_bottom=&#8220;padding_bottom_none&#8220; css=&#8220;.vc_custom_1685616867162{margin-top: -100px !important;background: #ffffff url(https:\/\/www.coztadeluxe.com\/wp-content\/uploads\/2023\/02\/villa-huren.jpg?id=1024) !important;background-position: center !important;background-repeat: no-repeat !important;background-size: cover !important;}&#8220;][vc_column][vc_empty_space height=&#8220;200px&#8220;][vc_custom_heading text=&#8220;Portfolio unserer Luxusvillen&#8220; font_container=&#8220;tag:h1|text_align:center|color:%23ffffff&#8220; use_theme_fonts=&#8220;yes&#8220; el_class=&#8220;shadowtext1&#8243;][vc_column_text el_class=&#8220;shadowtext1&#8243;]<\/p>\n<p style=\"color: white; text-align: center;\">Sehen Sie sich hier unsere zuvor abgeschlossenen Projekte an.<\/p>\n<p>[\/vc_column_text][vc_empty_space height=&#8220;60px&#8220;][\/vc_column][\/vc_row][vc_row full_width=&#8220;stretch_row&#8220; row_padding_top=&#8220;padding_top_none&#8220; row_padding_bottom=&#8220;padding_bottom_none&#8220; css=&#8220;.vc_custom_1692219519901{margin-bottom: -30px !important;padding-top: 60px !important;background-color: #ffffff !important;}&#8220;][vc_column width=&#8220;1\/12&#8243;][\/vc_column][vc_column width=&#8220;10\/12&#8243;][vc_column_text]<\/p>\n<h2 style=\"color: #bc9f4d; text-align: center;\">PORTFOLIO<\/h2>\n<p>[\/vc_column_text][vc_column_text]<\/p>\n<h4 style=\"color: #bc9f4d; text-align: center;\">UNSERE VERKAUFTEN PROJEKTE<\/h4>\n<p>[\/vc_column_text][vc_column_text css=&#8220;.vc_custom_1732200481754{margin-top: 7px !important;}&#8220;]<\/p>\n<p style=\"text-align: center;\">Sehen Sie hier unser Portfolio von verkauften Projekten.<br \/>\nWir sind seit vielen Jahren in den Niederlanden mit dem Verkauf von Turn-Key-H\u00e4usern t\u00e4tig und seit einem Jahr auch in der Region J\u00e1vea aktiv. Unser spanisches Portfolio ist noch bescheiden, aber bald werden wir wieder einige besondere Immobilien zum Verkauf anbieten.<\/p>\n<p style=\"text-align: center;\">Jedes Haus, das wir verkaufen, erz\u00e4hlt seine eigene Geschichte \u2013 von einzigartiger Architektur bis hin zu charaktervollen Details und durchdachter Einrichtung. Wir sind stolz auf unsere pers\u00f6nliche Herangehensweise und die Aufmerksamkeit f\u00fcr Qualit\u00e4t. Lassen Sie sich von unseren Projekten inspirieren und entdecken Sie, was wir f\u00fcr Sie tun k\u00f6nnen.<\/p>\n<p>[\/vc_column_text][\/vc_column][vc_column width=&#8220;1\/12&#8243;][\/vc_column][\/vc_row][vc_row full_width=&#8220;stretch_row&#8220; row_padding_bottom=&#8220;padding_bottom_none&#8220; css=&#8220;.vc_custom_1730405053296{background-color: #ffffff !important;}&#8220;][vc_column width=&#8220;1\/3&#8243; css=&#8220;.vc_custom_1692219582057{margin-right: 20px !important;margin-left: 20px !important;}&#8220;][\/vc_column][vc_column width=&#8220;1\/3&#8243;][vc_single_image image=&#8220;4652&#8243; img_size=&#8220;medium&#8220; onclick=&#8220;custom_link&#8220; el_class=&#8220;<a>\/room\/project-rafalet\/<\/a>&#8220; link=&#8220;\/de\/portfolio\/villa-rafalet&#8220;][vc_column_text]<\/p>\n<h4><a href=\"\/de\/portfolio\/villa-rafalet\">Villa Rafalet<\/a><\/h4>\n<p>[\/vc_column_text][\/vc_column][vc_column width=&#8220;1\/3&#8243;][\/vc_column][\/vc_row][vc_row full_width=&#8220;stretch_row&#8220; row_padding_bottom=&#8220;padding_bottom_none&#8220; css=&#8220;.vc_custom_1730405053296{background-color: #ffffff !important;}&#8220;][vc_column css=&#8220;.vc_custom_1692219582057{margin-right: 20px !important;margin-left: 20px !important;}&#8220;][vc_empty_space height=&#8220;10px&#8220;][\/vc_column][\/vc_row]<\/p>\n<\/div>","protected":false},"excerpt":{"rendered":"<p>[vc_row full_width=&#8220;stretch_row_content&#8220; row_padding_bottom=&#8220;padding_bottom_none&#8220; css=&#8220;.vc_custom_1685616867162{margin-top: -100px !important;background: #ffffff url(https:\/\/www.coztadeluxe.com\/wp-content\/uploads\/2023\/02\/villa-huren.jpg?id=1024) !important;background-position: center !important;background-repeat: no-repeat !important;background-size: cover !important;}&#8220;][vc_column][vc_empty_space height=&#8220;200px&#8220;][vc_custom_heading text=&#8220;Portfolio unserer Luxusvillen&#8220; font_container=&#8220;tag:h1|text_align:center|color:%23ffffff&#8220; use_theme_fonts=&#8220;yes&#8220; el_class=&#8220;shadowtext1&#8243;][vc_column_text el_class=&#8220;shadowtext1&#8243;] Sehen Sie sich hier unsere zuvor abgeschlossenen Projekte an. [\/vc_column_text][vc_empty_space height=&#8220;60px&#8220;][\/vc_column][\/vc_row][vc_row full_width=&#8220;stretch_row&#8220; row_padding_top=&#8220;padding_top_none&#8220; row_padding_bottom=&#8220;padding_bottom_none&#8220; css=&#8220;.vc_custom_1692219519901{margin-bottom: -30px !important;padding-top: 60px !important;background-color: #ffffff !important;}&#8220;][vc_column width=&#8220;1\/12&#8243;][\/vc_column][vc_column width=&#8220;10\/12&#8243;][vc_column_text] PORTFOLIO [\/vc_column_text][vc_column_text] UNSERE VERKAUFTEN PROJEKTE [\/vc_column_text][vc_column_text css=&#8220;.vc_custom_1732200481754{margin-top: 7px !important;}&#8220;] [&hellip;]<\/p>\n","protected":false},"author":10,"featured_media":3891,"parent":0,"menu_order":0,"comment_status":"closed","ping_status":"closed","template":"","meta":{"_acf_changed":false,"footnotes":""},"class_list":["post-4811","page","type-page","status-publish","has-post-thumbnail","hentry"],"acf":[],"yoast_head":"<!-- This site is optimized with the Yoast SEO plugin v27.5 - https:\/\/yoast.com\/product\/yoast-seo-wordpress\/ -->\n<title>Luxus Portfolio Costa Blanca - COZTA de LUXE<\/title>\n<meta name=\"description\" content=\"Portfolio\" \/>\n<meta name=\"robots\" content=\"index, follow, max-snippet:-1, max-image-preview:large, max-video-preview:-1\" \/>\n<link rel=\"canonical\" href=\"https:\/\/www.coztadeluxe.com\/de\/portfolio\/\" \/>\n<meta property=\"og:locale\" content=\"de_DE\" \/>\n<meta property=\"og:type\" content=\"article\" \/>\n<meta property=\"og:title\" content=\"Luxus Portfolio Costa Blanca - COZTA de LUXE\" \/>\n<meta property=\"og:description\" content=\"Portfolio\" \/>\n<meta property=\"og:url\" content=\"https:\/\/www.coztadeluxe.com\/de\/portfolio\/\" \/>\n<meta property=\"og:site_name\" content=\"COZTA de LUXE\" \/>\n<meta property=\"article:modified_time\" content=\"2026-03-13T21:09:42+00:00\" \/>\n<meta property=\"og:image\" content=\"https:\/\/www.coztadeluxe.com\/wp-content\/uploads\/2016\/11\/home-1.jpg\" \/>\n\t<meta property=\"og:image:width\" content=\"1600\" \/>\n\t<meta property=\"og:image:height\" content=\"900\" \/>\n\t<meta property=\"og:image:type\" content=\"image\/jpeg\" \/>\n<meta name=\"twitter:card\" content=\"summary_large_image\" \/>\n<meta name=\"twitter:label1\" content=\"Gesch\u00e4tzte Lesezeit\" \/>\n\t<meta name=\"twitter:data1\" content=\"2\u00a0Minuten\" \/>\n<script type=\"application\/ld+json\" class=\"yoast-schema-graph\">{\"@context\":\"https:\\\/\\\/schema.org\",\"@graph\":[{\"@type\":\"WebPage\",\"@id\":\"https:\\\/\\\/www.coztadeluxe.com\\\/de\\\/portfolio\\\/\",\"url\":\"https:\\\/\\\/www.coztadeluxe.com\\\/de\\\/portfolio\\\/\",\"name\":\"Luxus Portfolio Costa Blanca - COZTA de LUXE\",\"isPartOf\":{\"@id\":\"https:\\\/\\\/www.coztadeluxe.com\\\/de\\\/#website\"},\"primaryImageOfPage\":{\"@id\":\"https:\\\/\\\/www.coztadeluxe.com\\\/de\\\/portfolio\\\/#primaryimage\"},\"image\":{\"@id\":\"https:\\\/\\\/www.coztadeluxe.com\\\/de\\\/portfolio\\\/#primaryimage\"},\"thumbnailUrl\":\"https:\\\/\\\/www.coztadeluxe.com\\\/wp-content\\\/uploads\\\/2016\\\/11\\\/home-1.jpg\",\"datePublished\":\"2024-11-01T10:58:20+00:00\",\"dateModified\":\"2026-03-13T21:09:42+00:00\",\"description\":\"Portfolio\",\"breadcrumb\":{\"@id\":\"https:\\\/\\\/www.coztadeluxe.com\\\/de\\\/portfolio\\\/#breadcrumb\"},\"inLanguage\":\"de\",\"potentialAction\":[{\"@type\":\"ReadAction\",\"target\":[\"https:\\\/\\\/www.coztadeluxe.com\\\/de\\\/portfolio\\\/\"]}]},{\"@type\":\"ImageObject\",\"inLanguage\":\"de\",\"@id\":\"https:\\\/\\\/www.coztadeluxe.com\\\/de\\\/portfolio\\\/#primaryimage\",\"url\":\"https:\\\/\\\/www.coztadeluxe.com\\\/wp-content\\\/uploads\\\/2016\\\/11\\\/home-1.jpg\",\"contentUrl\":\"https:\\\/\\\/www.coztadeluxe.com\\\/wp-content\\\/uploads\\\/2016\\\/11\\\/home-1.jpg\",\"width\":1600,\"height\":900},{\"@type\":\"BreadcrumbList\",\"@id\":\"https:\\\/\\\/www.coztadeluxe.com\\\/de\\\/portfolio\\\/#breadcrumb\",\"itemListElement\":[{\"@type\":\"ListItem\",\"position\":1,\"name\":\"Home\",\"item\":\"https:\\\/\\\/www.coztadeluxe.com\\\/de\\\/\"},{\"@type\":\"ListItem\",\"position\":2,\"name\":\"Portfolio\"}]},{\"@type\":\"WebSite\",\"@id\":\"https:\\\/\\\/www.coztadeluxe.com\\\/de\\\/#website\",\"url\":\"https:\\\/\\\/www.coztadeluxe.com\\\/de\\\/\",\"name\":\"COZTA de LUXE\",\"description\":\"Makes mediterranean dreams come true\",\"potentialAction\":[{\"@type\":\"SearchAction\",\"target\":{\"@type\":\"EntryPoint\",\"urlTemplate\":\"https:\\\/\\\/www.coztadeluxe.com\\\/de\\\/?s={search_term_string}\"},\"query-input\":{\"@type\":\"PropertyValueSpecification\",\"valueRequired\":true,\"valueName\":\"search_term_string\"}}],\"inLanguage\":\"de\"}]}<\/script>\n<!-- \/ Yoast SEO plugin. -->","yoast_head_json":{"title":"Luxus Portfolio Costa Blanca - COZTA de LUXE","description":"Portfolio","robots":{"index":"index","follow":"follow","max-snippet":"max-snippet:-1","max-image-preview":"max-image-preview:large","max-video-preview":"max-video-preview:-1"},"canonical":"https:\/\/www.coztadeluxe.com\/de\/portfolio\/","og_locale":"de_DE","og_type":"article","og_title":"Luxus Portfolio Costa Blanca - COZTA de LUXE","og_description":"Portfolio","og_url":"https:\/\/www.coztadeluxe.com\/de\/portfolio\/","og_site_name":"COZTA de LUXE","article_modified_time":"2026-03-13T21:09:42+00:00","og_image":[{"width":1600,"height":900,"url":"https:\/\/www.coztadeluxe.com\/wp-content\/uploads\/2016\/11\/home-1.jpg","type":"image\/jpeg"}],"twitter_card":"summary_large_image","twitter_misc":{"Gesch\u00e4tzte Lesezeit":"2\u00a0Minuten"},"schema":{"@context":"https:\/\/schema.org","@graph":[{"@type":"WebPage","@id":"https:\/\/www.coztadeluxe.com\/de\/portfolio\/","url":"https:\/\/www.coztadeluxe.com\/de\/portfolio\/","name":"Luxus Portfolio Costa Blanca - COZTA de LUXE","isPartOf":{"@id":"https:\/\/www.coztadeluxe.com\/de\/#website"},"primaryImageOfPage":{"@id":"https:\/\/www.coztadeluxe.com\/de\/portfolio\/#primaryimage"},"image":{"@id":"https:\/\/www.coztadeluxe.com\/de\/portfolio\/#primaryimage"},"thumbnailUrl":"https:\/\/www.coztadeluxe.com\/wp-content\/uploads\/2016\/11\/home-1.jpg","datePublished":"2024-11-01T10:58:20+00:00","dateModified":"2026-03-13T21:09:42+00:00","description":"Portfolio","breadcrumb":{"@id":"https:\/\/www.coztadeluxe.com\/de\/portfolio\/#breadcrumb"},"inLanguage":"de","potentialAction":[{"@type":"ReadAction","target":["https:\/\/www.coztadeluxe.com\/de\/portfolio\/"]}]},{"@type":"ImageObject","inLanguage":"de","@id":"https:\/\/www.coztadeluxe.com\/de\/portfolio\/#primaryimage","url":"https:\/\/www.coztadeluxe.com\/wp-content\/uploads\/2016\/11\/home-1.jpg","contentUrl":"https:\/\/www.coztadeluxe.com\/wp-content\/uploads\/2016\/11\/home-1.jpg","width":1600,"height":900},{"@type":"BreadcrumbList","@id":"https:\/\/www.coztadeluxe.com\/de\/portfolio\/#breadcrumb","itemListElement":[{"@type":"ListItem","position":1,"name":"Home","item":"https:\/\/www.coztadeluxe.com\/de\/"},{"@type":"ListItem","position":2,"name":"Portfolio"}]},{"@type":"WebSite","@id":"https:\/\/www.coztadeluxe.com\/de\/#website","url":"https:\/\/www.coztadeluxe.com\/de\/","name":"COZTA de LUXE","description":"Makes mediterranean dreams come true","potentialAction":[{"@type":"SearchAction","target":{"@type":"EntryPoint","urlTemplate":"https:\/\/www.coztadeluxe.com\/de\/?s={search_term_string}"},"query-input":{"@type":"PropertyValueSpecification","valueRequired":true,"valueName":"search_term_string"}}],"inLanguage":"de"}]}},"_links":{"self":[{"href":"https:\/\/www.coztadeluxe.com\/de\/wp-json\/wp\/v2\/pages\/4811","targetHints":{"allow":["GET"]}}],"collection":[{"href":"https:\/\/www.coztadeluxe.com\/de\/wp-json\/wp\/v2\/pages"}],"about":[{"href":"https:\/\/www.coztadeluxe.com\/de\/wp-json\/wp\/v2\/types\/page"}],"author":[{"embeddable":true,"href":"https:\/\/www.coztadeluxe.com\/de\/wp-json\/wp\/v2\/users\/10"}],"replies":[{"embeddable":true,"href":"https:\/\/www.coztadeluxe.com\/de\/wp-json\/wp\/v2\/comments?post=4811"}],"version-history":[{"count":12,"href":"https:\/\/www.coztadeluxe.com\/de\/wp-json\/wp\/v2\/pages\/4811\/revisions"}],"predecessor-version":[{"id":4968,"href":"https:\/\/www.coztadeluxe.com\/de\/wp-json\/wp\/v2\/pages\/4811\/revisions\/4968"}],"wp:featuredmedia":[{"embeddable":true,"href":"https:\/\/www.coztadeluxe.com\/de\/wp-json\/wp\/v2\/media\/3891"}],"wp:attachment":[{"href":"https:\/\/www.coztadeluxe.com\/de\/wp-json\/wp\/v2\/media?parent=4811"}],"curies":[{"name":"wp","href":"https:\/\/api.w.org\/{rel}","templated":true}]}}