{"id":4000,"date":"2024-04-22T11:08:35","date_gmt":"2024-04-22T11:08:35","guid":{"rendered":"https:\/\/www.coztadeluxe.com\/?page_id=4000"},"modified":"2024-11-07T12:21:14","modified_gmt":"2024-11-07T12:21:14","slug":"haftungsausschluss","status":"publish","type":"page","link":"https:\/\/www.coztadeluxe.com\/de\/haftungsausschluss\/","title":{"rendered":"Haftungsausschluss"},"content":{"rendered":"<div class=\"wpb-content-wrapper\"><p>[vc_row full_width=&#8220;stretch_row&#8220; row_padding_bottom=&#8220;padding_bottom_none&#8220; css=&#8220;.vc_custom_1676620225615{margin-top: -100px !important;background-image: url(https:\/\/www.coztadeluxe.com\/wp-content\/uploads\/2023\/02\/over-ons.jpg?id=1147) !important;background-position: center !important;background-repeat: no-repeat !important;background-size: cover !important;}&#8220;][vc_column][vc_empty_space height=&#8220;200px&#8220;][vc_custom_heading text=&#8220;Haftungsausschluss&#8220; font_container=&#8220;tag:h1|text_align:center|color:%23ffffff&#8220; use_theme_fonts=&#8220;yes&#8220; el_class=&#8220;shadowtext1&#8243;][vc_column_text el_class=&#8220;shadowtext1&#8243;]<\/p>\n<p style=\"color: white; text-align: center;\">Website Cozta de Luxe<\/p>\n<p>[\/vc_column_text][vc_empty_space height=&#8220;60px&#8220;][\/vc_column][\/vc_row][vc_row full_width=&#8220;stretch_row&#8220; row_padding_top=&#8220;padding_top_none&#8220; row_padding_bottom=&#8220;padding_bottom_1-2&#8243; css=&#8220;.vc_custom_1676624014606{padding-top: 60px !important;background-color: #ffffff !important;}&#8220;][vc_column width=&#8220;5\/6&#8243;][vc_column_text]Zur Einhaltung von Artikel 10 des Gesetzes 34\/2002 \u00fcber Dienste der Informationsgesellschaft und<br \/>\nelektronischen Handel (ES: Servicios de la Sociedad de la Informaci\u00f3n y Comercio Electr\u00f3nico)<br \/>\ninformieren wir den Nutzer \u00fcber unsere Daten:<\/p>\n<ul>\n<li aria-level=\"1\">Sozial St\u00fcckelung: Thomaz Houses Costa Blanca S.L.<\/li>\n<li aria-level=\"1\">Handelsname: COZTA de LUXE<\/li>\n<li aria-level=\"1\">CIF \/ NIF: B67676965<\/li>\n<li aria-level=\"1\">E-mail: info@coztadeluxe.com<\/li>\n<li aria-level=\"1\">Webpagina: coztadeluxe.com<\/li>\n<\/ul>\n<p><b>Ziel<\/b><\/p>\n<p>Der f\u00fcr die Website verantwortliche Anbieter stellt dieses Dokument den Benutzern zur Verf\u00fcgung,<br \/>\nmit denen er den im Gesetz 34\/2002 \u00fcber Dienste der Informationsgesellschaft und des elektronischen Gesch\u00e4ftsverkehrs (LSSI-CE) festgelegten Verpflichtungen nachkommen m\u00f6chte, und<br \/>\ninformiert alle Benutzer dar\u00fcber der Website \u00fcber die Nutzungsbedingungen der Website.<\/p>\n<p><b>Inhalt<\/b><br \/>\nDie vom Anbieter bereitgestellten Informationen stammen aus Quellen, die als zuverl\u00e4ssig gelten<br \/>\nk\u00f6nnen, f\u00fcr deren Richtigkeit und Vollst\u00e4ndigkeit wir jedoch keine Gew\u00e4hr \u00fcbernehmen k\u00f6nnen.<br \/>\n\u00c4nderungen hinsichtlich Preisen, Verf\u00fcgbarkeit, eventuellen Abweichungen in Farben, Ma\u00dfen und<br \/>\nsonstigen Daten bleiben vorbehalten. Die bereitgestellten Informationen dienen lediglich der<br \/>\nOrientierung und k\u00f6nnen jederzeit ohne vorherige Ank\u00fcndigung ge\u00e4ndert werden.<\/p>\n<p><b>Haftung<\/b><\/p>\n<p>Die bereitgestellten Informationen sind nicht rechtsverbindlich. Der Anbieter kann nicht garantieren,<br \/>\ndass die Website fehlerfrei oder unterbrechungsfrei funktioniert. Der Anbieter und etwaige weitere<br \/>\nAnbieter \u00fcbernehmen keine Haftung f\u00fcr den Inhalt dieser Website(s) und der dort bereitgestellten Informationen. Der Anbieter \u00fcbernimmt keine Haftung f\u00fcr den Inhalt von Seiten, die nicht vom Anbieter betreut werden und auf die auf die Seite(n) des Anbieters verwiesen wird oder verwiesen<br \/>\nwird. Der Anbieter beh\u00e4lt sich das Recht vor, jede Art von Informationen, die auf der Website erscheinen,<br \/>\nzu \u00e4ndern, ohne dass eine Verpflichtung besteht die Benutzer \u00fcber diese Verpflichtungen zu<br \/>\ninformieren oder zu informieren, sofern die Ver\u00f6ffentlichung auf der Website des Anbieters als<br \/>\nausreichend erachtet wird.<\/p>\n<p><b>Verantwortung<\/b><\/p>\n<p>Von der Website des Anbieters werden Sie m\u00f6glicherweise zu Inhalten auf Websites Dritter<br \/>\nweitergeleitet. Der Anbieter erkl\u00e4rt, dass er alle Inhalte entfernen wird, die gegen nationales oder<br \/>\ninternationales Recht, die guten Sitten oder die \u00f6ffentliche Ordnung versto\u00dfen k\u00f6nnten, dass er den<br \/>\nVerweis auf die besagte Website zur\u00fcckziehen wird und dass er Sie \u00fcber deren Inhalte bei den<br \/>\nzust\u00e4ndigen Beh\u00f6rden informieren wird. Der Anbieter ist nicht verantwortlich f\u00fcr die Informationen<br \/>\nund Inhalte, die beispielsweise in Foren, Chats, Blog-Generatoren, Kommentaren, sozialen<br \/>\nNetzwerken oder anderen Mitteln gespeichert werden, die es Dritten erm\u00f6glichen, unabh\u00e4ngig<br \/>\nInhalte auf\/\u00fcber die Website des Anbieters zu ver\u00f6ffentlichen. Wenn der Benutzer glaubt, dass es auf<br \/>\nder Website Inhalte gibt, die f\u00fcr diese Klassifizierung anf\u00e4llig sein k\u00f6nnten, wenden Sie sich bitte an<br \/>\nden Website-Administrator.<\/p>\n<p><b>Geistiges und gewerbliches Eigentum<\/b><\/p>\n<p>Die Website, einschlie\u00dflich, aber nicht beschr\u00e4nkt auf die Programmierung, Bearbeitung,<br \/>\nZusammenstellung und andere f\u00fcr ihren Betrieb erforderliche Elemente, die Designs, Logos, Texte<br \/>\nund\/oder Bilder sind Eigentum des Anbieters oder, falls zutreffend, lizenziert oder ausdr\u00fcckliche<br \/>\nGenehmigung der Autoren.<br \/>\nUnabh\u00e4ngig vom Zweck, f\u00fcr den sie bestimmt sind, bedarf ihre vollst\u00e4ndige oder teilweise<br \/>\nVervielf\u00e4ltigung, Nutzung, Verwertung, Verbreitung und Vermarktung in jedem Fall der vorherigen<br \/>\nschriftlichen Zustimmung des Anbieters. Jede vom Anbieter nicht vorher genehmigte Nutzung gilt als<br \/>\nschwerwiegende Verletzung der geistigen oder gewerblichen Eigentumsrechte des Urhebers.<\/p>\n<p>Bestand: 2024-04-17 COZTAdeLUXE Disclaimer.docx Pagina 6 van 11<br \/>\nDie Designs, Logos, Texte und\/oder Bilder, die nicht vom Anbieter stammen und auf der Website<br \/>\nerscheinen k\u00f6nnen, sind Eigentum ihrer jeweiligen Eigent\u00fcmer, die f\u00fcr etwaige diesbez\u00fcgliche<br \/>\nKontroversen allein verantwortlich sind.<br \/>\nDer Anbieter erkennt zugunsten seiner Eigent\u00fcmer die entsprechenden gewerblichen und geistigen<br \/>\nEigentumsrechte an; die blo\u00dfe Erw\u00e4hnung oder das Erscheinen auf der Website impliziert nicht das<br \/>\nBestehen irgendwelcher Rechte oder Verantwortlichkeiten seitens des Anbieters darin noch eine<br \/>\nBef\u00fcrwortung, F\u00f6rderung oder Empfehlung seitens des Anbieters.<br \/>\nWenn Sie sich zu m\u00f6glichen Verletzungen von geistigen oder gewerblichen Eigentumsrechten sowie<br \/>\nzum Inhalt der Website \u00e4u\u00dfern m\u00f6chten, wenden Sie sich bitte an den Websitebetreiber.<\/p>\n<p><b>Anwendbares Recht und Gerichtsstand<\/b><\/p>\n<p>Die L\u00f6sung aller Streitigkeiten oder Probleme im Zusammenhang mit dieser Website oder den auf ihr<br \/>\ndurchgef\u00fchrten Aktivit\u00e4ten unterliegt spanischem Recht, dem sich die Parteien ausdr\u00fccklich<br \/>\nunterwerfen und das f\u00fcr die L\u00f6sung aller Konflikte zust\u00e4ndig ist, die sich aus oder im Zusammenhang<br \/>\nmit der weiteren Nutzung ergeben Es.[\/vc_column_text][\/vc_column][vc_column width=&#8220;1\/6&#8243;][\/vc_column][\/vc_row][vc_row full_width=&#8220;stretch_row_content_no_spaces&#8220; transparent=&#8220;transparent&#8220; row_padding_top=&#8220;padding_top_none&#8220; row_padding_bottom=&#8220;padding_bottom_none&#8220; css=&#8220;.vc_custom_1676621506781{background-color: #ffffff !important;}&#8220;][vc_column][vc_single_image image=&#8220;4692&#8243; img_size=&#8220;full&#8220; css=&#8220;.vc_custom_1676621515556{margin-bottom: -20px !important;}&#8220;][\/vc_column][\/vc_row]<\/p>\n<\/div>","protected":false},"excerpt":{"rendered":"<p>[vc_row full_width=&#8220;stretch_row&#8220; row_padding_bottom=&#8220;padding_bottom_none&#8220; css=&#8220;.vc_custom_1676620225615{margin-top: -100px !important;background-image: url(https:\/\/www.coztadeluxe.com\/wp-content\/uploads\/2023\/02\/over-ons.jpg?id=1147) !important;background-position: center !important;background-repeat: no-repeat !important;background-size: cover !important;}&#8220;][vc_column][vc_empty_space height=&#8220;200px&#8220;][vc_custom_heading text=&#8220;Haftungsausschluss&#8220; font_container=&#8220;tag:h1|text_align:center|color:%23ffffff&#8220; use_theme_fonts=&#8220;yes&#8220; el_class=&#8220;shadowtext1&#8243;][vc_column_text el_class=&#8220;shadowtext1&#8243;] Website Cozta de Luxe [\/vc_column_text][vc_empty_space height=&#8220;60px&#8220;][\/vc_column][\/vc_row][vc_row full_width=&#8220;stretch_row&#8220; row_padding_top=&#8220;padding_top_none&#8220; row_padding_bottom=&#8220;padding_bottom_1-2&#8243; css=&#8220;.vc_custom_1676624014606{padding-top: 60px !important;background-color: #ffffff !important;}&#8220;][vc_column width=&#8220;5\/6&#8243;][vc_column_text]Zur Einhaltung von Artikel 10 des Gesetzes 34\/2002 \u00fcber Dienste der Informationsgesellschaft und elektronischen Handel (ES: Servicios de la Sociedad de [&hellip;]<\/p>\n","protected":false},"author":7,"featured_media":3891,"parent":0,"menu_order":0,"comment_status":"closed","ping_status":"closed","template":"","meta":{"_acf_changed":false,"footnotes":""},"class_list":["post-4000","page","type-page","status-publish","has-post-thumbnail","hentry"],"acf":[],"yoast_head":"<!-- This site is optimized with the Yoast SEO plugin v27.4 - https:\/\/yoast.com\/product\/yoast-seo-wordpress\/ -->\n<title>Haftungsausschluss - COZTA de LUXE<\/title>\n<meta name=\"description\" content=\"Haftungsausschluss der Website Cozta de Luxe - Exklusive Immobilien an der Costa Blanca\" \/>\n<meta name=\"robots\" content=\"index, follow, max-snippet:-1, max-image-preview:large, max-video-preview:-1\" \/>\n<link rel=\"canonical\" href=\"https:\/\/www.coztadeluxe.com\/de\/haftungsausschluss\/\" \/>\n<meta property=\"og:locale\" content=\"de_DE\" \/>\n<meta property=\"og:type\" content=\"article\" \/>\n<meta property=\"og:title\" content=\"Haftungsausschluss - COZTA de LUXE\" \/>\n<meta property=\"og:description\" content=\"Haftungsausschluss der Website Cozta de Luxe - Exklusive Immobilien an der Costa Blanca\" \/>\n<meta property=\"og:url\" content=\"https:\/\/www.coztadeluxe.com\/de\/haftungsausschluss\/\" \/>\n<meta property=\"og:site_name\" content=\"COZTA de LUXE\" \/>\n<meta property=\"article:modified_time\" content=\"2024-11-07T12:21:14+00:00\" \/>\n<meta property=\"og:image\" content=\"https:\/\/www.coztadeluxe.com\/wp-content\/uploads\/2016\/11\/home-1.jpg\" \/>\n\t<meta property=\"og:image:width\" content=\"1600\" \/>\n\t<meta property=\"og:image:height\" content=\"900\" \/>\n\t<meta property=\"og:image:type\" content=\"image\/jpeg\" \/>\n<meta name=\"twitter:card\" content=\"summary_large_image\" \/>\n<meta name=\"twitter:label1\" content=\"Gesch\u00e4tzte Lesezeit\" \/>\n\t<meta name=\"twitter:data1\" content=\"4\u00a0Minuten\" \/>\n<script type=\"application\/ld+json\" class=\"yoast-schema-graph\">{\"@context\":\"https:\\\/\\\/schema.org\",\"@graph\":[{\"@type\":\"WebPage\",\"@id\":\"https:\\\/\\\/www.coztadeluxe.com\\\/de\\\/haftungsausschluss\\\/\",\"url\":\"https:\\\/\\\/www.coztadeluxe.com\\\/de\\\/haftungsausschluss\\\/\",\"name\":\"Haftungsausschluss - COZTA de LUXE\",\"isPartOf\":{\"@id\":\"https:\\\/\\\/www.coztadeluxe.com\\\/de\\\/#website\"},\"primaryImageOfPage\":{\"@id\":\"https:\\\/\\\/www.coztadeluxe.com\\\/de\\\/haftungsausschluss\\\/#primaryimage\"},\"image\":{\"@id\":\"https:\\\/\\\/www.coztadeluxe.com\\\/de\\\/haftungsausschluss\\\/#primaryimage\"},\"thumbnailUrl\":\"https:\\\/\\\/www.coztadeluxe.com\\\/wp-content\\\/uploads\\\/2016\\\/11\\\/home-1.jpg\",\"datePublished\":\"2024-04-22T11:08:35+00:00\",\"dateModified\":\"2024-11-07T12:21:14+00:00\",\"description\":\"Haftungsausschluss der Website Cozta de Luxe - Exklusive Immobilien an der Costa Blanca\",\"breadcrumb\":{\"@id\":\"https:\\\/\\\/www.coztadeluxe.com\\\/de\\\/haftungsausschluss\\\/#breadcrumb\"},\"inLanguage\":\"de\",\"potentialAction\":[{\"@type\":\"ReadAction\",\"target\":[\"https:\\\/\\\/www.coztadeluxe.com\\\/de\\\/haftungsausschluss\\\/\"]}]},{\"@type\":\"ImageObject\",\"inLanguage\":\"de\",\"@id\":\"https:\\\/\\\/www.coztadeluxe.com\\\/de\\\/haftungsausschluss\\\/#primaryimage\",\"url\":\"https:\\\/\\\/www.coztadeluxe.com\\\/wp-content\\\/uploads\\\/2016\\\/11\\\/home-1.jpg\",\"contentUrl\":\"https:\\\/\\\/www.coztadeluxe.com\\\/wp-content\\\/uploads\\\/2016\\\/11\\\/home-1.jpg\",\"width\":1600,\"height\":900},{\"@type\":\"BreadcrumbList\",\"@id\":\"https:\\\/\\\/www.coztadeluxe.com\\\/de\\\/haftungsausschluss\\\/#breadcrumb\",\"itemListElement\":[{\"@type\":\"ListItem\",\"position\":1,\"name\":\"Home\",\"item\":\"https:\\\/\\\/www.coztadeluxe.com\\\/de\\\/\"},{\"@type\":\"ListItem\",\"position\":2,\"name\":\"Haftungsausschluss\"}]},{\"@type\":\"WebSite\",\"@id\":\"https:\\\/\\\/www.coztadeluxe.com\\\/de\\\/#website\",\"url\":\"https:\\\/\\\/www.coztadeluxe.com\\\/de\\\/\",\"name\":\"COZTA de LUXE\",\"description\":\"Makes mediterranean dreams come true\",\"potentialAction\":[{\"@type\":\"SearchAction\",\"target\":{\"@type\":\"EntryPoint\",\"urlTemplate\":\"https:\\\/\\\/www.coztadeluxe.com\\\/de\\\/?s={search_term_string}\"},\"query-input\":{\"@type\":\"PropertyValueSpecification\",\"valueRequired\":true,\"valueName\":\"search_term_string\"}}],\"inLanguage\":\"de\"}]}<\/script>\n<!-- \/ Yoast SEO plugin. -->","yoast_head_json":{"title":"Haftungsausschluss - COZTA de LUXE","description":"Haftungsausschluss der Website Cozta de Luxe - Exklusive Immobilien an der Costa Blanca","robots":{"index":"index","follow":"follow","max-snippet":"max-snippet:-1","max-image-preview":"max-image-preview:large","max-video-preview":"max-video-preview:-1"},"canonical":"https:\/\/www.coztadeluxe.com\/de\/haftungsausschluss\/","og_locale":"de_DE","og_type":"article","og_title":"Haftungsausschluss - COZTA de LUXE","og_description":"Haftungsausschluss der Website Cozta de Luxe - Exklusive Immobilien an der Costa Blanca","og_url":"https:\/\/www.coztadeluxe.com\/de\/haftungsausschluss\/","og_site_name":"COZTA de LUXE","article_modified_time":"2024-11-07T12:21:14+00:00","og_image":[{"width":1600,"height":900,"url":"https:\/\/www.coztadeluxe.com\/wp-content\/uploads\/2016\/11\/home-1.jpg","type":"image\/jpeg"}],"twitter_card":"summary_large_image","twitter_misc":{"Gesch\u00e4tzte Lesezeit":"4\u00a0Minuten"},"schema":{"@context":"https:\/\/schema.org","@graph":[{"@type":"WebPage","@id":"https:\/\/www.coztadeluxe.com\/de\/haftungsausschluss\/","url":"https:\/\/www.coztadeluxe.com\/de\/haftungsausschluss\/","name":"Haftungsausschluss - COZTA de LUXE","isPartOf":{"@id":"https:\/\/www.coztadeluxe.com\/de\/#website"},"primaryImageOfPage":{"@id":"https:\/\/www.coztadeluxe.com\/de\/haftungsausschluss\/#primaryimage"},"image":{"@id":"https:\/\/www.coztadeluxe.com\/de\/haftungsausschluss\/#primaryimage"},"thumbnailUrl":"https:\/\/www.coztadeluxe.com\/wp-content\/uploads\/2016\/11\/home-1.jpg","datePublished":"2024-04-22T11:08:35+00:00","dateModified":"2024-11-07T12:21:14+00:00","description":"Haftungsausschluss der Website Cozta de Luxe - Exklusive Immobilien an der Costa Blanca","breadcrumb":{"@id":"https:\/\/www.coztadeluxe.com\/de\/haftungsausschluss\/#breadcrumb"},"inLanguage":"de","potentialAction":[{"@type":"ReadAction","target":["https:\/\/www.coztadeluxe.com\/de\/haftungsausschluss\/"]}]},{"@type":"ImageObject","inLanguage":"de","@id":"https:\/\/www.coztadeluxe.com\/de\/haftungsausschluss\/#primaryimage","url":"https:\/\/www.coztadeluxe.com\/wp-content\/uploads\/2016\/11\/home-1.jpg","contentUrl":"https:\/\/www.coztadeluxe.com\/wp-content\/uploads\/2016\/11\/home-1.jpg","width":1600,"height":900},{"@type":"BreadcrumbList","@id":"https:\/\/www.coztadeluxe.com\/de\/haftungsausschluss\/#breadcrumb","itemListElement":[{"@type":"ListItem","position":1,"name":"Home","item":"https:\/\/www.coztadeluxe.com\/de\/"},{"@type":"ListItem","position":2,"name":"Haftungsausschluss"}]},{"@type":"WebSite","@id":"https:\/\/www.coztadeluxe.com\/de\/#website","url":"https:\/\/www.coztadeluxe.com\/de\/","name":"COZTA de LUXE","description":"Makes mediterranean dreams come true","potentialAction":[{"@type":"SearchAction","target":{"@type":"EntryPoint","urlTemplate":"https:\/\/www.coztadeluxe.com\/de\/?s={search_term_string}"},"query-input":{"@type":"PropertyValueSpecification","valueRequired":true,"valueName":"search_term_string"}}],"inLanguage":"de"}]}},"_links":{"self":[{"href":"https:\/\/www.coztadeluxe.com\/de\/wp-json\/wp\/v2\/pages\/4000","targetHints":{"allow":["GET"]}}],"collection":[{"href":"https:\/\/www.coztadeluxe.com\/de\/wp-json\/wp\/v2\/pages"}],"about":[{"href":"https:\/\/www.coztadeluxe.com\/de\/wp-json\/wp\/v2\/types\/page"}],"author":[{"embeddable":true,"href":"https:\/\/www.coztadeluxe.com\/de\/wp-json\/wp\/v2\/users\/7"}],"replies":[{"embeddable":true,"href":"https:\/\/www.coztadeluxe.com\/de\/wp-json\/wp\/v2\/comments?post=4000"}],"version-history":[{"count":9,"href":"https:\/\/www.coztadeluxe.com\/de\/wp-json\/wp\/v2\/pages\/4000\/revisions"}],"predecessor-version":[{"id":4935,"href":"https:\/\/www.coztadeluxe.com\/de\/wp-json\/wp\/v2\/pages\/4000\/revisions\/4935"}],"wp:featuredmedia":[{"embeddable":true,"href":"https:\/\/www.coztadeluxe.com\/de\/wp-json\/wp\/v2\/media\/3891"}],"wp:attachment":[{"href":"https:\/\/www.coztadeluxe.com\/de\/wp-json\/wp\/v2\/media?parent=4000"}],"curies":[{"name":"wp","href":"https:\/\/api.w.org\/{rel}","templated":true}]}}