{"id":3928,"date":"2023-02-16T13:24:06","date_gmt":"2023-02-16T13:24:06","guid":{"rendered":"https:\/\/www.coztadeluxe.com\/villa-kaufen\/"},"modified":"2024-05-03T16:30:52","modified_gmt":"2024-05-03T16:30:52","slug":"kaufen-eine-luxurioese-villa-costa-blanca","status":"publish","type":"page","link":"https:\/\/www.coztadeluxe.com\/de\/kaufen-eine-luxurioese-villa-costa-blanca\/","title":{"rendered":"Villa kaufen"},"content":{"rendered":"<div class=\"wpb-content-wrapper\"><p>[vc_row full_width=&#8220;stretch_row_content&#8220; row_padding_bottom=&#8220;padding_bottom_none&#8220; css=&#8220;.vc_custom_1707483569249{margin-top: -100px !important;background-image: url(https:\/\/www.coztadeluxe.com\/wp-content\/uploads\/2023\/02\/villa-kopen-2.jpg?id=1080) !important;background-position: center !important;background-repeat: no-repeat !important;background-size: cover !important;}&#8220;][vc_column][vc_empty_space height=&#8220;200px&#8220;][vc_custom_heading text=&#8220;Kauf einer Luxus villa an der Costa Blanca&#8220; font_container=&#8220;tag:h1|text_align:center|color:%23ffffff&#8220; use_theme_fonts=&#8220;yes&#8220; el_class=&#8220;shadowtext1&#8243;][vc_column_text el_class=&#8220;shadowtext1&#8243;]<\/p>\n<p style=\"color: white; text-align: center;\">Entdecken Sie unsere wundersch\u00f6n gestalteten Villen<\/p>\n<p>[\/vc_column_text][vc_empty_space height=&#8220;60px&#8220;][\/vc_column][\/vc_row][vc_row full_width=&#8220;stretch_row_content&#8220; css=&#8220;.vc_custom_1681288112960{margin-bottom: -100px !important;background-color: #ffffff !important;}&#8220; el_class=&#8220;paddingkopen&#8220;][vc_column width=&#8220;3\/12&#8243;][\/vc_column][vc_column width=&#8220;6\/12&#8243;][vc_custom_heading text=&#8220;UNSERE VILLEN ZUM VERKAUF&#8220; font_container=&#8220;tag:h2|text_align:center|color:%23bc9f4d&#8220; use_theme_fonts=&#8220;yes&#8220;][vc_column_text]<\/p>\n<p style=\"text-align: center;\">Dreamst du davon, eine Luxusvilla an der Costa Blanca zu kaufen?<\/p>\n<p style=\"text-align: center;\">Lassen Sie Ihren mediterranen Traum wahr werden mit einem komplett ausgestatteten COZTA de LUXE &#8222;Zuhause fernab von Zuhause&#8220;, komplett schl\u00fcsselfertig. Wir renovieren in Eigenregie oder w\u00e4hlen sorgf\u00e4ltig eine Immobilie aus dem gehobenen Segment aus. Aber immer nach dem COZTA de LUXE Standard.<\/p>\n<p style=\"text-align: center;\">Mit dem Schwerpunkt auf hochwertiger Architektur und exklusiven Standorten bringen unsere Luxusvillen einen einzigartigen Lebensstil zum Ausdruck. Investieren Sie in Ihr eigenes St\u00fcckchen Paradies an der Costa Blanca.&#8220;<\/p>\n<p>[\/vc_column_text]<div class=\"ple_anypostloop_shortcode wpb_content_element  \"><div id=\"grid_6605998f27bf1\" class=\"grid_wrapper row clearfix  rooms_grid_classic_vertical_wrapper \">\n        <div class=\"rooms_grid_item grid_item col-xs-12 grid_sizer col-md-6 col-sm-6  zu-verkaufen optional  \" >\n                <div class=\"rooms_grid_item_photo\">\n                        <a href=\"https:\/\/www.coztadeluxe.com\/de\/villa\/casa-luz\/\" title=\"Casa Luz\" target=\"_parent\" class=\"\">\n                        \n                        <img decoding=\"async\" src=\"https:\/\/www.coztadeluxe.com\/wp-content\/uploads\/2024\/01\/Villa_Luz_luxe_uitgelicht-300x300.jpg\" alt=\"Casa Luz\">\n                        \n                        <\/a>\n                <\/div>\n\n                <div class=\"rooms_grid_item_content \">\n                        <h3 class=\"textify_links\"><a href=\"https:\/\/www.coztadeluxe.com\/de\/villa\/casa-luz\/\" title=\"Casa Luz\" target=\"_parent\" class=\"\">Casa Luz<\/a><\/h3>\n                        <p class=\"subtitle\">J\u00e1vea, Costa Blanca<\/p>\n                        <div class=\"room_listed_amenities\">\n                        <\/div>\n                        <p class=\"excerpt\">Zu verkaufen; Eine ebenerdige Villa in nat\u00fcrlichen Farben und Materialien, in der N\u00e4he von Valle del Sol, mit spektakul\u00e4rem Panoramablick.<\/p>\n                        <p class=\"booking_price\">\n                                <span class=\"booking_price_before\"> <\/span>\n                                <span class=\"booking_price\">\u20ac 1.675.000,00<\/span>\n                                <span class=\"booking_price_after\"> <\/span>\n                        <\/p>\n\n                        <a href=\"https:\/\/www.coztadeluxe.com\/de\/villa\/casa-luz\/\" title=\"Casa Luz\" target=\"_parent\" class=\"btn btn-link \">SCHAU HEREIN<\/a>\n                <\/div>\n\n        <\/div>\n        <div class=\"rooms_grid_item grid_item col-xs-12 grid_sizer col-md-6 col-sm-6  zu-verkaufen optional  \" >\n                <div class=\"rooms_grid_item_photo\">\n                        <a href=\"https:\/\/www.coztadeluxe.com\/de\/villa\/perla-de-montana\/\" title=\"Villa Perla de Monta\u00f1a\" target=\"_parent\" class=\"\">\n                        \n                        <img decoding=\"async\" src=\"https:\/\/www.coztadeluxe.com\/wp-content\/uploads\/2023\/02\/Montgo_Villa_overzicht-300x300.jpg\" alt=\"Villa Perla de Monta\u00f1a\">\n                        \n                        <\/a>\n                <\/div>\n\n                <div class=\"rooms_grid_item_content \">\n                        <h3 class=\"textify_links\"><a href=\"https:\/\/www.coztadeluxe.com\/de\/villa\/perla-de-montana\/\" title=\"Villa Perla de Monta\u00f1a\" target=\"_parent\" class=\"\">Villa Perla de Monta\u00f1a<\/a><\/h3>\n                        <p class=\"subtitle\">J\u00e1vea, Montgo, Costa Blanca<\/p>\n                        <div class=\"room_listed_amenities\">\n                        <\/div>\n                        <p class=\"excerpt\">Derzeit im Bau: Luxusvilla in Javea. Fantastische Lage, 4 Schlafzimmer, herrliche Aussicht, mediterranes Ambiente, sch\u00f6ner Garten, Pool mit Sitzgrube.<\/p>\n                        <p class=\"booking_price\">\n                                <span class=\"booking_price_before\">-<\/span>\n                                <span class=\"booking_price\">Preis auf Anfrage<\/span>\n                                <span class=\"booking_price_after\">-<\/span>\n                        <\/p>\n\n                        <a href=\"https:\/\/www.coztadeluxe.com\/de\/villa\/perla-de-montana\/\" title=\"Villa Perla de Monta\u00f1a\" target=\"_parent\" class=\"btn btn-link \">SCHAU HEREIN<\/a>\n                <\/div>\n\n        <\/div>\n<\/div><\/div>[\/vc_column][vc_column width=&#8220;3\/12&#8243;][\/vc_column][\/vc_row][vc_row full_width=&#8220;stretch_row_content_no_spaces&#8220; transparent=&#8220;transparent&#8220; row_padding_top=&#8220;padding_top_none&#8220; row_padding_bottom=&#8220;padding_bottom_none&#8220; css=&#8220;.vc_custom_1685614962192{padding-top: 130px !important;padding-bottom: 130px !important;background-image: url(https:\/\/www.coztadeluxe.com\/wp-content\/uploads\/2023\/06\/Footer_Cozta_de_Luxe_02.jpg?id=2154) !important;background-position: center !important;background-repeat: no-repeat !important;background-size: cover !important;}&#8220; el_class=&#8220;hidemobile1&#8243;][vc_column][vc_empty_space height=&#8220;10px&#8220;][vc_row_inner transparent=&#8220;transparent&#8220; row_padding_top=&#8220;padding_top_none&#8220; row_padding_bottom=&#8220;padding_bottom_none&#8220;][vc_column_inner][vc_single_image image=&#8220;1854&#8243; img_size=&#8220;full&#8220; alignment=&#8220;center&#8220;][\/vc_column_inner][\/vc_row_inner][vc_empty_space height=&#8220;50px&#8220;][\/vc_column][\/vc_row][vc_row full_width=&#8220;stretch_row_content_no_spaces&#8220; row_padding_top=&#8220;padding_top_none&#8220; row_padding_bottom=&#8220;padding_bottom_none&#8220; el_class=&#8220;hidedesktop1&#8243; css=&#8220;.vc_custom_1685613012735{background-image: url(https:\/\/www.coztadeluxe.com\/wp-content\/uploads\/2023\/06\/Footer_Cozta_de_Luxe_02.jpg?id=2154) !important;}&#8220;][vc_column][vc_empty_space height=&#8220;100px&#8220;][\/vc_column][\/vc_row]<\/p>\n<\/div>","protected":false},"excerpt":{"rendered":"<p>[vc_row full_width=&#8220;stretch_row_content&#8220; row_padding_bottom=&#8220;padding_bottom_none&#8220; css=&#8220;.vc_custom_1707483569249{margin-top: -100px !important;background-image: url(https:\/\/www.coztadeluxe.com\/wp-content\/uploads\/2023\/02\/villa-kopen-2.jpg?id=1080) !important;background-position: center !important;background-repeat: no-repeat !important;background-size: cover !important;}&#8220;][vc_column][vc_empty_space height=&#8220;200px&#8220;][vc_custom_heading text=&#8220;Kauf einer Luxus villa an der Costa Blanca&#8220; font_container=&#8220;tag:h1|text_align:center|color:%23ffffff&#8220; use_theme_fonts=&#8220;yes&#8220; el_class=&#8220;shadowtext1&#8243;][vc_column_text el_class=&#8220;shadowtext1&#8243;] Entdecken Sie unsere wundersch\u00f6n gestalteten Villen [\/vc_column_text][vc_empty_space height=&#8220;60px&#8220;][\/vc_column][\/vc_row][vc_row full_width=&#8220;stretch_row_content&#8220; css=&#8220;.vc_custom_1681288112960{margin-bottom: -100px !important;background-color: #ffffff !important;}&#8220; el_class=&#8220;paddingkopen&#8220;][vc_column width=&#8220;3\/12&#8243;][\/vc_column][vc_column width=&#8220;6\/12&#8243;][vc_custom_heading text=&#8220;UNSERE VILLEN ZUM VERKAUF&#8220; font_container=&#8220;tag:h2|text_align:center|color:%23bc9f4d&#8220; use_theme_fonts=&#8220;yes&#8220;][vc_column_text] Dreamst du davon, eine Luxusvilla [&hellip;]<\/p>\n","protected":false},"author":1,"featured_media":3891,"parent":0,"menu_order":0,"comment_status":"closed","ping_status":"closed","template":"","meta":{"_acf_changed":false,"footnotes":""},"class_list":["post-3928","page","type-page","status-publish","has-post-thumbnail","hentry"],"acf":[],"yoast_head":"<!-- This site is optimized with the Yoast SEO plugin v27.5 - https:\/\/yoast.com\/product\/yoast-seo-wordpress\/ -->\n<title>Luxus Villa kaufen Costa Blanca - COZTA de LUXE<\/title>\n<meta name=\"description\" content=\"Verwirklichen Sie Ihren exklusiven Traum an der Costa Blanca - COZTA de LUXE - zum Kauf einer luxuri\u00f6sen Ferienvilla oder eines Zweitwohnsitzes.\" \/>\n<meta name=\"robots\" content=\"index, follow, max-snippet:-1, max-image-preview:large, max-video-preview:-1\" \/>\n<link rel=\"canonical\" href=\"https:\/\/www.coztadeluxe.com\/de\/kaufen-eine-luxurioese-villa-costa-blanca\/\" \/>\n<meta property=\"og:locale\" content=\"de_DE\" \/>\n<meta property=\"og:type\" content=\"article\" \/>\n<meta property=\"og:title\" content=\"Luxus Villa kaufen Costa Blanca - COZTA de LUXE\" \/>\n<meta property=\"og:description\" content=\"Verwirklichen Sie Ihren exklusiven Traum an der Costa Blanca - COZTA de LUXE - zum Kauf einer luxuri\u00f6sen Ferienvilla oder eines Zweitwohnsitzes.\" \/>\n<meta property=\"og:url\" content=\"https:\/\/www.coztadeluxe.com\/de\/kaufen-eine-luxurioese-villa-costa-blanca\/\" \/>\n<meta property=\"og:site_name\" content=\"COZTA de LUXE\" \/>\n<meta property=\"article:modified_time\" content=\"2024-05-03T16:30:52+00:00\" \/>\n<meta property=\"og:image\" content=\"https:\/\/www.coztadeluxe.com\/wp-content\/uploads\/2016\/11\/home-1.jpg\" \/>\n\t<meta property=\"og:image:width\" content=\"1600\" \/>\n\t<meta property=\"og:image:height\" content=\"900\" \/>\n\t<meta property=\"og:image:type\" content=\"image\/jpeg\" \/>\n<meta name=\"twitter:card\" content=\"summary_large_image\" \/>\n<meta name=\"twitter:label1\" content=\"Gesch\u00e4tzte Lesezeit\" \/>\n\t<meta name=\"twitter:data1\" content=\"2\u00a0Minuten\" \/>\n<script type=\"application\/ld+json\" class=\"yoast-schema-graph\">{\"@context\":\"https:\\\/\\\/schema.org\",\"@graph\":[{\"@type\":\"WebPage\",\"@id\":\"https:\\\/\\\/www.coztadeluxe.com\\\/de\\\/kaufen-eine-luxurioese-villa-costa-blanca\\\/\",\"url\":\"https:\\\/\\\/www.coztadeluxe.com\\\/de\\\/kaufen-eine-luxurioese-villa-costa-blanca\\\/\",\"name\":\"Luxus Villa kaufen Costa Blanca - COZTA de LUXE\",\"isPartOf\":{\"@id\":\"https:\\\/\\\/www.coztadeluxe.com\\\/de\\\/#website\"},\"primaryImageOfPage\":{\"@id\":\"https:\\\/\\\/www.coztadeluxe.com\\\/de\\\/kaufen-eine-luxurioese-villa-costa-blanca\\\/#primaryimage\"},\"image\":{\"@id\":\"https:\\\/\\\/www.coztadeluxe.com\\\/de\\\/kaufen-eine-luxurioese-villa-costa-blanca\\\/#primaryimage\"},\"thumbnailUrl\":\"https:\\\/\\\/www.coztadeluxe.com\\\/wp-content\\\/uploads\\\/2016\\\/11\\\/home-1.jpg\",\"datePublished\":\"2023-02-16T13:24:06+00:00\",\"dateModified\":\"2024-05-03T16:30:52+00:00\",\"description\":\"Verwirklichen Sie Ihren exklusiven Traum an der Costa Blanca - COZTA de LUXE - zum Kauf einer luxuri\u00f6sen Ferienvilla oder eines Zweitwohnsitzes.\",\"breadcrumb\":{\"@id\":\"https:\\\/\\\/www.coztadeluxe.com\\\/de\\\/kaufen-eine-luxurioese-villa-costa-blanca\\\/#breadcrumb\"},\"inLanguage\":\"de\",\"potentialAction\":[{\"@type\":\"ReadAction\",\"target\":[\"https:\\\/\\\/www.coztadeluxe.com\\\/de\\\/kaufen-eine-luxurioese-villa-costa-blanca\\\/\"]}]},{\"@type\":\"ImageObject\",\"inLanguage\":\"de\",\"@id\":\"https:\\\/\\\/www.coztadeluxe.com\\\/de\\\/kaufen-eine-luxurioese-villa-costa-blanca\\\/#primaryimage\",\"url\":\"https:\\\/\\\/www.coztadeluxe.com\\\/wp-content\\\/uploads\\\/2016\\\/11\\\/home-1.jpg\",\"contentUrl\":\"https:\\\/\\\/www.coztadeluxe.com\\\/wp-content\\\/uploads\\\/2016\\\/11\\\/home-1.jpg\",\"width\":1600,\"height\":900},{\"@type\":\"BreadcrumbList\",\"@id\":\"https:\\\/\\\/www.coztadeluxe.com\\\/de\\\/kaufen-eine-luxurioese-villa-costa-blanca\\\/#breadcrumb\",\"itemListElement\":[{\"@type\":\"ListItem\",\"position\":1,\"name\":\"Home\",\"item\":\"https:\\\/\\\/www.coztadeluxe.com\\\/de\\\/\"},{\"@type\":\"ListItem\",\"position\":2,\"name\":\"Villa kaufen\"}]},{\"@type\":\"WebSite\",\"@id\":\"https:\\\/\\\/www.coztadeluxe.com\\\/de\\\/#website\",\"url\":\"https:\\\/\\\/www.coztadeluxe.com\\\/de\\\/\",\"name\":\"COZTA de LUXE\",\"description\":\"Makes mediterranean dreams come true\",\"potentialAction\":[{\"@type\":\"SearchAction\",\"target\":{\"@type\":\"EntryPoint\",\"urlTemplate\":\"https:\\\/\\\/www.coztadeluxe.com\\\/de\\\/?s={search_term_string}\"},\"query-input\":{\"@type\":\"PropertyValueSpecification\",\"valueRequired\":true,\"valueName\":\"search_term_string\"}}],\"inLanguage\":\"de\"}]}<\/script>\n<!-- \/ Yoast SEO plugin. -->","yoast_head_json":{"title":"Luxus Villa kaufen Costa Blanca - COZTA de LUXE","description":"Verwirklichen Sie Ihren exklusiven Traum an der Costa Blanca - COZTA de LUXE - zum Kauf einer luxuri\u00f6sen Ferienvilla oder eines Zweitwohnsitzes.","robots":{"index":"index","follow":"follow","max-snippet":"max-snippet:-1","max-image-preview":"max-image-preview:large","max-video-preview":"max-video-preview:-1"},"canonical":"https:\/\/www.coztadeluxe.com\/de\/kaufen-eine-luxurioese-villa-costa-blanca\/","og_locale":"de_DE","og_type":"article","og_title":"Luxus Villa kaufen Costa Blanca - COZTA de LUXE","og_description":"Verwirklichen Sie Ihren exklusiven Traum an der Costa Blanca - COZTA de LUXE - zum Kauf einer luxuri\u00f6sen Ferienvilla oder eines Zweitwohnsitzes.","og_url":"https:\/\/www.coztadeluxe.com\/de\/kaufen-eine-luxurioese-villa-costa-blanca\/","og_site_name":"COZTA de LUXE","article_modified_time":"2024-05-03T16:30:52+00:00","og_image":[{"width":1600,"height":900,"url":"https:\/\/www.coztadeluxe.com\/wp-content\/uploads\/2016\/11\/home-1.jpg","type":"image\/jpeg"}],"twitter_card":"summary_large_image","twitter_misc":{"Gesch\u00e4tzte Lesezeit":"2\u00a0Minuten"},"schema":{"@context":"https:\/\/schema.org","@graph":[{"@type":"WebPage","@id":"https:\/\/www.coztadeluxe.com\/de\/kaufen-eine-luxurioese-villa-costa-blanca\/","url":"https:\/\/www.coztadeluxe.com\/de\/kaufen-eine-luxurioese-villa-costa-blanca\/","name":"Luxus Villa kaufen Costa Blanca - COZTA de LUXE","isPartOf":{"@id":"https:\/\/www.coztadeluxe.com\/de\/#website"},"primaryImageOfPage":{"@id":"https:\/\/www.coztadeluxe.com\/de\/kaufen-eine-luxurioese-villa-costa-blanca\/#primaryimage"},"image":{"@id":"https:\/\/www.coztadeluxe.com\/de\/kaufen-eine-luxurioese-villa-costa-blanca\/#primaryimage"},"thumbnailUrl":"https:\/\/www.coztadeluxe.com\/wp-content\/uploads\/2016\/11\/home-1.jpg","datePublished":"2023-02-16T13:24:06+00:00","dateModified":"2024-05-03T16:30:52+00:00","description":"Verwirklichen Sie Ihren exklusiven Traum an der Costa Blanca - COZTA de LUXE - zum Kauf einer luxuri\u00f6sen Ferienvilla oder eines Zweitwohnsitzes.","breadcrumb":{"@id":"https:\/\/www.coztadeluxe.com\/de\/kaufen-eine-luxurioese-villa-costa-blanca\/#breadcrumb"},"inLanguage":"de","potentialAction":[{"@type":"ReadAction","target":["https:\/\/www.coztadeluxe.com\/de\/kaufen-eine-luxurioese-villa-costa-blanca\/"]}]},{"@type":"ImageObject","inLanguage":"de","@id":"https:\/\/www.coztadeluxe.com\/de\/kaufen-eine-luxurioese-villa-costa-blanca\/#primaryimage","url":"https:\/\/www.coztadeluxe.com\/wp-content\/uploads\/2016\/11\/home-1.jpg","contentUrl":"https:\/\/www.coztadeluxe.com\/wp-content\/uploads\/2016\/11\/home-1.jpg","width":1600,"height":900},{"@type":"BreadcrumbList","@id":"https:\/\/www.coztadeluxe.com\/de\/kaufen-eine-luxurioese-villa-costa-blanca\/#breadcrumb","itemListElement":[{"@type":"ListItem","position":1,"name":"Home","item":"https:\/\/www.coztadeluxe.com\/de\/"},{"@type":"ListItem","position":2,"name":"Villa kaufen"}]},{"@type":"WebSite","@id":"https:\/\/www.coztadeluxe.com\/de\/#website","url":"https:\/\/www.coztadeluxe.com\/de\/","name":"COZTA de LUXE","description":"Makes mediterranean dreams come true","potentialAction":[{"@type":"SearchAction","target":{"@type":"EntryPoint","urlTemplate":"https:\/\/www.coztadeluxe.com\/de\/?s={search_term_string}"},"query-input":{"@type":"PropertyValueSpecification","valueRequired":true,"valueName":"search_term_string"}}],"inLanguage":"de"}]}},"_links":{"self":[{"href":"https:\/\/www.coztadeluxe.com\/de\/wp-json\/wp\/v2\/pages\/3928","targetHints":{"allow":["GET"]}}],"collection":[{"href":"https:\/\/www.coztadeluxe.com\/de\/wp-json\/wp\/v2\/pages"}],"about":[{"href":"https:\/\/www.coztadeluxe.com\/de\/wp-json\/wp\/v2\/types\/page"}],"author":[{"embeddable":true,"href":"https:\/\/www.coztadeluxe.com\/de\/wp-json\/wp\/v2\/users\/1"}],"replies":[{"embeddable":true,"href":"https:\/\/www.coztadeluxe.com\/de\/wp-json\/wp\/v2\/comments?post=3928"}],"version-history":[{"count":11,"href":"https:\/\/www.coztadeluxe.com\/de\/wp-json\/wp\/v2\/pages\/3928\/revisions"}],"predecessor-version":[{"id":4220,"href":"https:\/\/www.coztadeluxe.com\/de\/wp-json\/wp\/v2\/pages\/3928\/revisions\/4220"}],"wp:featuredmedia":[{"embeddable":true,"href":"https:\/\/www.coztadeluxe.com\/de\/wp-json\/wp\/v2\/media\/3891"}],"wp:attachment":[{"href":"https:\/\/www.coztadeluxe.com\/de\/wp-json\/wp\/v2\/media?parent=3928"}],"curies":[{"name":"wp","href":"https:\/\/api.w.org\/{rel}","templated":true}]}}