{"id":3909,"date":"2023-02-17T10:31:14","date_gmt":"2023-02-17T10:31:14","guid":{"rendered":"https:\/\/www.coztadeluxe.com\/datenschutzerklaerung\/"},"modified":"2026-03-02T14:02:41","modified_gmt":"2026-03-02T14:02:41","slug":"datenschutzerklaerung","status":"publish","type":"page","link":"https:\/\/www.coztadeluxe.com\/de\/datenschutzerklaerung\/","title":{"rendered":"Datenschutzerkl\u00e4rung"},"content":{"rendered":"<div class=\"wpb-content-wrapper\"><p>[vc_row full_width=&#8220;stretch_row&#8220; row_padding_bottom=&#8220;padding_bottom_none&#8220; css=&#8220;.vc_custom_1676620225615{margin-top: -100px !important;background-image: url(https:\/\/www.coztadeluxe.com\/wp-content\/uploads\/2023\/02\/over-ons.jpg?id=1147) !important;background-position: center !important;background-repeat: no-repeat !important;background-size: cover !important;}&#8220;][vc_column][vc_empty_space height=&#8220;200px&#8220;][vc_custom_heading text=&#8220;Datenschutzerkl\u00e4rung&#8220; font_container=&#8220;tag:h1|text_align:center|color:%23ffffff&#8220; use_theme_fonts=&#8220;yes&#8220; el_class=&#8220;shadowtext1&#8243;][vc_column_text el_class=&#8220;shadowtext1&#8243;]<\/p>\n<p style=\"color: white; text-align: center;\">Lesen Sie hier unsere Datenschutzerkl\u00e4rung.<\/p>\n<p>[\/vc_column_text][vc_empty_space height=&#8220;60px&#8220;][\/vc_column][\/vc_row][vc_row full_width=&#8220;stretch_row&#8220; row_padding_top=&#8220;padding_top_none&#8220; row_padding_bottom=&#8220;padding_bottom_1-2&#8243; css=&#8220;.vc_custom_1676624014606{padding-top: 60px !important;background-color: #ffffff !important;}&#8220;][vc_column width=&#8220;5\/6&#8243;][vc_column_text css=&#8220;&#8220;]<strong>Datenschutzerkl\u00e4rung COZTA de LUXE<\/strong><\/p>\n<p>Um unsere Dienstleistungen unseren Kunden und deren Besuchern zur Verf\u00fcgung zu stellen, ist es erforderlich, dass COZTA de LUXE (&#8218;wir&#8216;) in einigen F\u00e4llen Ihre personenbezogenen Daten verarbeitet. Wir respektieren die Privatsph\u00e4re unserer Kunden und ihrer Besucher und stellen sicher, dass personenbezogene Daten auf sichere und verantwortungsvolle Weise behandelt werden. In dieser Datenschutzerkl\u00e4rung wird erl\u00e4utert, welche Daten verarbeitet werden, was mit Ihren Daten geschieht und welche Rechte Sie geltend machen k\u00f6nnen.<\/p>\n<p><strong>Personenbezogene Daten, die wir verarbeiten<\/strong><\/p>\n<p>Wir verarbeiten Ihre personenbezogenen Daten:<\/p>\n<ul>\n<li>Wenn Sie einen unserer Dienste nutzen. Dies umfasst die folgenden Daten: Name (Vor- und Nachname), Adresse, Telefonnummer(n), E-Mail-Adresse(n) und Organisationsname.<\/li>\n<li>Wenn Sie unsere Website besuchen. Dies umfasst einerseits generische Besuchsdaten, die keine personenbezogenen Daten sind, sowie Ihr Surfverhalten auf unserer Website und andererseits personenbezogene Daten, n\u00e4mlich die anonymisierte IP-Adresse.<\/li>\n<li>Wenn Sie aktiv Kontakt mit uns aufnehmen (z. B. per E-Mail, Telefon oder Kontaktformular). Dabei handelt es sich um die Daten, die Sie bei der Kontaktaufnahme selbst angegeben haben. Dies kann Ihre E-Mail-Adresse und\/oder Telefonnummer in Verbindung mit Ihrem Vor- und Nachnamen und dem Firmennamen sein.<\/li>\n<li>Weitere personenbezogene Daten, die Sie aktiv in der Korrespondenz, telefonisch und\/oder pers\u00f6nlich angeben.<\/li>\n<\/ul>\n<p><strong>Besondere und\/oder sensible personenbezogene Daten, die wir verarbeiten<\/strong><\/p>\n<p>Unsere Website und\/oder Dienstleistung ist nicht darauf ausgelegt, Daten von Websitebesuchern unter 16 Jahren zu sammeln, mit Ausnahme von Besuchern, die die Zustimmung ihrer Eltern oder eines Vormunds erhalten haben. Wir k\u00f6nnen jedoch nicht \u00fcberpr\u00fcfen, ob ein Besucher \u00e4lter als 16 Jahre ist. Wir empfehlen Eltern daher, sich an den Online-Aktivit\u00e4ten ihrer Kinder zu beteiligen, um zu verhindern, dass Daten von Kindern ohne elterliche Zustimmung gesammelt werden. Wenn Sie davon \u00fcberzeugt sind, dass wir ohne Ihre Zustimmung personenbezogene Daten \u00fcber einen Minderj\u00e4hrigen gesammelt haben, nehmen Sie bitte Kontakt mit uns auf, dann werden wir diese Informationen l\u00f6schen.<\/p>\n<p><strong>Zu welchem Zweck und auf welcher Rechtsgrundlage wir personenbezogene Daten verarbeiten<\/strong><\/p>\n<p>F\u00fcr die Verarbeitung personenbezogener Daten ist immer eine Rechtsgrundlage erforderlich. Die sechs gesetzlichen Grundlagen sind:<\/p>\n<ul>\n<li>Einwilligung: Die betroffene Person hat der Verarbeitung ihrer personenbezogenen Daten f\u00fcr einen oder mehrere bestimmte Zwecke zugestimmt.<\/li>\n<li>Vertrag: Die Verarbeitung ist zur Erf\u00fcllung eines Vertrags erforderlich, dessen Vertragspartei die betroffene Person ist, oder zur Durchf\u00fchrung vorvertraglicher Ma\u00dfnahmen auf Antrag der betroffenen Person.<\/li>\n<li>Gesetzliche Verpflichtung: Die Verarbeitung ist zur Erf\u00fcllung einer rechtlichen Verpflichtung erforderlich, der der Verantwortliche unterliegt.<\/li>\n<li>Lebenswichtiges Interesse: Die Verarbeitung ist erforderlich, um die lebenswichtigen Interessen der betroffenen Person oder einer anderen nat\u00fcrlichen Person zu sch\u00fctzen.<\/li>\n<li>Wahrnehmung einer Aufgabe im \u00f6ffentlichen Interesse oder Aus\u00fcbung \u00f6ffentlicher Gewalt: Die Verarbeitung ist zur Erf\u00fcllung einer Aufgabe erforderlich, die im \u00f6ffentlichen Interesse liegt oder in Aus\u00fcbung \u00f6ffentlicher Gewalt erfolgt, die dem Verantwortlichen \u00fcbertragen wurde.<\/li>\n<li>Berechtigtes Interesse: Die Verarbeitung ist zur Wahrung der berechtigten Interessen des Verantwortlichen oder eines Dritten erforderlich, sofern nicht die Interessen oder Grundrechte und Grundfreiheiten der betroffenen Person, die den Schutz personenbezogener Daten erfordern, \u00fcberwiegen, insbesondere wenn es sich bei der betroffenen Person um ein Kind handelt.<\/li>\n<\/ul>\n<p>COZTA de LUXE verarbeitet Ihre personenbezogenen Daten zu verschiedenen Zwecken, n\u00e4mlich f\u00fcr:<\/p>\n<ul>\n<li>die optimale Bedienung unserer (potenziellen) Kunden und die Verbesserung des Dienstes;<\/li>\n<li>die Eingehung und Aufrechterhaltung einer Beziehung zu all unseren Kunden;<\/li>\n<li>die Organisation von Veranstaltungen;<\/li>\n<li>das Angebot von Produkten, Dienstleistungen durch uns oder Partner, mit denen wir zusammenarbeiten;<\/li>\n<li>die Bereitstellung von angeforderten Informationen;<\/li>\n<li>die Archivierung von Informationen;<\/li>\n<li>die Abrechnung unserer Dienstleistungen und die Abwicklung der darauf folgenden Zahlung;<\/li>\n<li>den Versand unseres Newsletters \u00fcber MailChimp;<\/li>\n<li>Kommunikative Zwecke, um Sie gegebenenfalls anzurufen oder zu mailen, wenn dies erforderlich ist, um unsere Dienstleistungen zu erbringen;<\/li>\n<li>Informierung unserer (potenziellen) Auftraggeber \u00fcber \u00c4nderungen unserer Dienstleistungen und Produkte;<\/li>\n<li>Lieferung von Waren und Dienstleistungen;<\/li>\n<li>Analyse Ihres Verhaltens auf der Website, um unsere Websites zu verbessern und das Angebot an Produkten und Dienstleistungen an die g\u00e4ngigsten Pr\u00e4ferenzen anzupassen;<\/li>\n<li>Erf\u00fcllung gesetzlicher Verpflichtungen.<\/li>\n<\/ul>\n<p><strong>Wie lange wir personenbezogene Daten aufbewahren<\/strong><\/p>\n<p>Deine personenbezogenen Daten werden nur f\u00fcr die oben genannten Zwecke verarbeitet. Wir speichern deine personenbezogenen Daten nicht l\u00e4nger als unbedingt erforderlich, um die Zwecke zu erreichen, f\u00fcr die deine Daten erhoben werden, es sei denn, diese Daten sind zur Erf\u00fcllung einer gesetzlichen Verpflichtung erforderlich.<\/p>\n<p>&nbsp;<\/p>\n<p><strong>Weitergabe von personenbezogenen Daten an Dritte<\/strong><\/p>\n<p>Die von uns erhobenen Daten sind im Rahmen der oben beschriebenen Zwecke erforderlich. Wenn die Weitergabe der Daten an Dritte zur Erf\u00fcllung unseres Vertrags mit dir oder zur Erf\u00fcllung einer gesetzlichen Verpflichtung erforderlich ist, stellen wir deine Daten diesen Dritten zur Verf\u00fcgung. Mit Unternehmen, die deine Daten in unserem Auftrag verarbeiten, schlie\u00dfen wir einen Auftragsverarbeitungsvertrag ab, um ein gleiches Sicherheitsniveau und Vertraulichkeit deiner Daten zu gew\u00e4hrleisten. <strong>COZTA de LUXE<\/strong> bleibt f\u00fcr diese Verarbeitungen verantwortlich. <strong>COZTA de LUXE<\/strong> verkauft deine Daten keinesfalls an Dritte f\u00fcr Marketing- oder andere Zwecke.<\/p>\n<p><strong>Wie wir personenbezogene Daten sichern<\/strong><\/p>\n<p>Wir nehmen den Schutz deiner Daten ernst und ergreifen angemessene Ma\u00dfnahmen, um Missbrauch, Verlust, unbefugten Zugriff, unerw\u00fcnschte Offenlegung und unbefugte \u00c4nderung zu verhindern. Wenn du den Eindruck hast, dass deine Daten dennoch nicht angemessen gesch\u00fctzt sind oder Hinweise auf Missbrauch vorliegen, kontaktiere uns bitte unter <a href=\"mailto:info@coztadeluxe.com\">info@coztadeluxe.com<\/a>.<\/p>\n<p>&nbsp;<\/p>\n<p><strong>Zugriff, Korrektur oder L\u00f6schung von Daten<\/strong><\/p>\n<p>Du hast das Recht, deine personenbezogenen Daten einzusehen, zu korrigieren oder zu l\u00f6schen. Dar\u00fcber hinaus hast du das Recht, deine etwaige Einwilligung in die Datenverarbeitung zu widerrufen oder der Verarbeitung deiner personenbezogenen Daten durch <strong>COZTA de LUXE<\/strong> zu widersprechen und das Recht auf Daten\u00fcbertragbarkeit. Das bedeutet, dass du bei uns einen Antrag stellen kannst, die personenbezogenen Daten, die wir von dir haben, in einem maschinenlesbaren Format an dich oder eine von dir genannte Organisation zu \u00fcbermitteln. Du kannst eine Anfrage auf Zugriff, Korrektur, L\u00f6schung, \u00dcbertragung deiner personenbezogenen Daten oder einen Antrag auf Widerruf deiner Einwilligung oder Widerspruch gegen die Verarbeitung deiner personenbezogenen Daten an <a href=\"mailto:info@coztadeluxe.com\">info@coztadeluxe.com<\/a> senden. Um sicherzustellen, dass die Anfrage von dir stammt, bitten wir dich, eine Kopie deines Ausweises mit der Anfrage zu senden. Bitte schw\u00e4rze dabei dein Foto, die MRZ (maschinenlesbare Zone, der Streifen mit Zahlen am unteren Rand des Reisepasses), die Passnummer und die Sozialversicherungsnummer (BSN). Dies dient dem Schutz deiner Privatsph\u00e4re. Wir werden so schnell wie m\u00f6glich, jedoch innerhalb von vier Wochen, auf deine Anfrage reagieren.<\/p>\n<p>&nbsp;<\/p>\n<p><strong>Cookies oder \u00e4hnliche Technologien, die wir verwenden<\/strong><\/p>\n<p><strong>COZTA de LUXE<\/strong> verwendet funktionale und analytische Cookies. Ein Cookie ist eine kleine Textdatei, die beim ersten Besuch dieser Website in Ihrem Browser auf Ihrem Computer, Tablet oder Smartphone gespeichert wird. <strong>COZTA de LUXE<\/strong> verwendet Cookies mit rein technischer Funktionalit\u00e4t. Diese sorgen daf\u00fcr, dass die Website ordnungsgem\u00e4\u00df funktioniert und beispielsweise Ihre Einstellungen gespeichert werden. Diese Cookies werden auch verwendet, um die Website ordnungsgem\u00e4\u00df funktionieren zu lassen und sie zu optimieren. Dar\u00fcber hinaus platzieren wir Cookies, die Ihr Surfverhalten verfolgen, damit wir ma\u00dfgeschneiderte Inhalte und Anzeigen anbieten k\u00f6nnen. Sie k\u00f6nnen sich von Cookies abmelden, indem Sie Ihren Internetbrowser so einstellen, dass er keine Cookies mehr speichert. Dar\u00fcber hinaus k\u00f6nnen Sie auch alle zuvor gespeicherten Informationen \u00fcber die Einstellungen Ihres Browsers l\u00f6schen. Weitere Informationen finden Sie unter:\u00a0<u><\/u><a href=\"https:\/\/commission.europa.eu\/cookies-policy_de?utm_source=chatgpt.com\" target=\"_blank\" rel=\"noopener\">cookies-was-sind-sie-und-was-mache-ich-mit-ihnen<\/a><\/p>\n<p>Auf dieser Website werden auch Cookies von Drittanbietern platziert. Dies k\u00f6nnen beispielsweise Werbetreibende und\/oder Social-Media-Unternehmen sein.<\/p>\n<p>&nbsp;<\/p>\n<p><strong>Google Analytics<\/strong><\/p>\n<p><strong>COZTA de LUXE<\/strong> verwendet Google Analytics, um zu verfolgen, wie Benutzer die Website nutzen und wie effektiv die Anzeigen von <strong>COZTA de LUXE<\/strong> auf den Google-Suchergebnisseiten sind. Die so erhaltenen Informationen, einschlie\u00dflich der anonymisierten Adresse Ihres Computers (IP-Adresse), werden an Google \u00fcbertragen und auf Servern in den Vereinigten Staaten gespeichert. Lesen Sie die Datenschutzrichtlinie von Google f\u00fcr weitere Informationen. Sie finden auch die Datenschutzrichtlinie von Google Analytics hier.<\/p>\n<p>&nbsp;<\/p>\n<p>Google verwendet diese Informationen, um zu verfolgen, wie unsere Website genutzt wird, Berichte \u00fcber die Website bereitzustellen und Werbetreibenden Informationen \u00fcber die Wirksamkeit ihrer Kampagnen zur Verf\u00fcgung zu stellen. Google kann diese Informationen an Dritte weitergeben, wenn Google gesetzlich dazu verpflichtet ist oder wenn diese Dritten die Informationen im Auftrag von Google verarbeiten. Wir haben darauf keinen Einfluss. Wir haben Google keine Erlaubnis erteilt, Analytics-Informationen, die \u00fcber uns erhalten wurden, f\u00fcr andere Google-Dienste zu verwenden.<\/p>\n<p>&nbsp;<\/p>\n<p><strong>Links<\/strong><\/p>\n<p>Auf den Websites von <strong>COZTA de LUXE<\/strong> finden Sie einige Links zu anderen Websites von Organisationen. <strong>COZTA de LUXE<\/strong> ist nicht der Eigent\u00fcmer dieser Websites und kann keine Verantwortung f\u00fcr die Verwendung Ihrer Daten durch diese Organisationen \u00fcbernehmen. Es wird empfohlen, das Datenschutzerkl\u00e4rung der jeweiligen Website zu lesen.<\/p>\n<p><strong>Fragen und\/oder Kommentare<\/strong><\/p>\n<p>Wenn Sie Fragen und\/oder Kommentare zur Verarbeitung Ihrer personenbezogenen Daten haben, k\u00f6nnen Sie uns per E-Mail unter <a href=\"mailto:info@coztadeluxe.com\">info@coztadeluxe.com<\/a> kontaktieren. F\u00fcr alle anderen Fragen zum Datenschutzerkl\u00e4rung von <strong>COZTA de LUXE<\/strong> k\u00f6nnen Sie uns per E-Mail unter <a href=\"mailto:info@coztadeluxe.com\">info@coztadeluxe.com<\/a> kontaktieren.[\/vc_column_text][\/vc_column][vc_column width=&#8220;1\/6&#8243;][\/vc_column][\/vc_row][vc_row full_width=&#8220;stretch_row_content_no_spaces&#8220; transparent=&#8220;transparent&#8220; row_padding_top=&#8220;padding_top_none&#8220; row_padding_bottom=&#8220;padding_bottom_none&#8220; css=&#8220;.vc_custom_1676621506781{background-color: #ffffff !important;}&#8220;][vc_column][vc_single_image image=&#8220;4692&#8243; img_size=&#8220;full&#8220; css=&#8220;.vc_custom_1676621515556{margin-bottom: -20px !important;}&#8220;][\/vc_column][\/vc_row]<\/p>\n<\/div>","protected":false},"excerpt":{"rendered":"<p>[vc_row full_width=&#8220;stretch_row&#8220; row_padding_bottom=&#8220;padding_bottom_none&#8220; css=&#8220;.vc_custom_1676620225615{margin-top: -100px !important;background-image: url(https:\/\/www.coztadeluxe.com\/wp-content\/uploads\/2023\/02\/over-ons.jpg?id=1147) !important;background-position: center !important;background-repeat: no-repeat !important;background-size: cover !important;}&#8220;][vc_column][vc_empty_space height=&#8220;200px&#8220;][vc_custom_heading text=&#8220;Datenschutzerkl\u00e4rung&#8220; font_container=&#8220;tag:h1|text_align:center|color:%23ffffff&#8220; use_theme_fonts=&#8220;yes&#8220; el_class=&#8220;shadowtext1&#8243;][vc_column_text el_class=&#8220;shadowtext1&#8243;] Lesen Sie hier unsere Datenschutzerkl\u00e4rung. [\/vc_column_text][vc_empty_space height=&#8220;60px&#8220;][\/vc_column][\/vc_row][vc_row full_width=&#8220;stretch_row&#8220; row_padding_top=&#8220;padding_top_none&#8220; row_padding_bottom=&#8220;padding_bottom_1-2&#8243; css=&#8220;.vc_custom_1676624014606{padding-top: 60px !important;background-color: #ffffff !important;}&#8220;][vc_column width=&#8220;5\/6&#8243;][vc_column_text css=&#8220;&#8220;]Datenschutzerkl\u00e4rung COZTA de LUXE Um unsere Dienstleistungen unseren Kunden und deren Besuchern zur Verf\u00fcgung zu stellen, ist es erforderlich, [&hellip;]<\/p>\n","protected":false},"author":1,"featured_media":3891,"parent":0,"menu_order":0,"comment_status":"closed","ping_status":"closed","template":"","meta":{"_acf_changed":false,"footnotes":""},"class_list":["post-3909","page","type-page","status-publish","has-post-thumbnail","hentry"],"acf":[],"yoast_head":"<!-- This site is optimized with the Yoast SEO plugin v27.4 - https:\/\/yoast.com\/product\/yoast-seo-wordpress\/ -->\n<title>Datenschutzerkl\u00e4rung - COZTA de LUXE<\/title>\n<meta name=\"robots\" content=\"index, follow, max-snippet:-1, max-image-preview:large, max-video-preview:-1\" \/>\n<link rel=\"canonical\" href=\"https:\/\/www.coztadeluxe.com\/de\/datenschutzerklaerung\/\" \/>\n<meta property=\"og:locale\" content=\"de_DE\" \/>\n<meta property=\"og:type\" content=\"article\" \/>\n<meta property=\"og:title\" content=\"Datenschutzerkl\u00e4rung - COZTA de LUXE\" \/>\n<meta property=\"og:description\" content=\"[vc_row full_width=&#8220;stretch_row&#8220; row_padding_bottom=&#8220;padding_bottom_none&#8220; css=&#8220;.vc_custom_1676620225615{margin-top: -100px !important;background-image: url(https:\/\/www.coztadeluxe.com\/wp-content\/uploads\/2023\/02\/over-ons.jpg?id=1147) !important;background-position: center !important;background-repeat: no-repeat !important;background-size: cover !important;}&#8220;][vc_column][vc_empty_space height=&#8220;200px&#8220;][vc_custom_heading text=&#8220;Datenschutzerkl\u00e4rung&#8220; font_container=&#8220;tag:h1|text_align:center|color:%23ffffff&#8220; use_theme_fonts=&#8220;yes&#8220; el_class=&#8220;shadowtext1&#8243;][vc_column_text el_class=&#8220;shadowtext1&#8243;] Lesen Sie hier unsere Datenschutzerkl\u00e4rung. [\/vc_column_text][vc_empty_space height=&#8220;60px&#8220;][\/vc_column][\/vc_row][vc_row full_width=&#8220;stretch_row&#8220; row_padding_top=&#8220;padding_top_none&#8220; row_padding_bottom=&#8220;padding_bottom_1-2&#8243; css=&#8220;.vc_custom_1676624014606{padding-top: 60px !important;background-color: #ffffff !important;}&#8220;][vc_column width=&#8220;5\/6&#8243;][vc_column_text css=&#8220;&#8220;]Datenschutzerkl\u00e4rung COZTA de LUXE Um unsere Dienstleistungen unseren Kunden und deren Besuchern zur Verf\u00fcgung zu stellen, ist es erforderlich, [&hellip;]\" \/>\n<meta property=\"og:url\" content=\"https:\/\/www.coztadeluxe.com\/de\/datenschutzerklaerung\/\" \/>\n<meta property=\"og:site_name\" content=\"COZTA de LUXE\" \/>\n<meta property=\"article:modified_time\" content=\"2026-03-02T14:02:41+00:00\" \/>\n<meta property=\"og:image\" content=\"https:\/\/www.coztadeluxe.com\/wp-content\/uploads\/2016\/11\/home-1.jpg\" \/>\n\t<meta property=\"og:image:width\" content=\"1600\" \/>\n\t<meta property=\"og:image:height\" content=\"900\" \/>\n\t<meta property=\"og:image:type\" content=\"image\/jpeg\" \/>\n<meta name=\"twitter:card\" content=\"summary_large_image\" \/>\n<meta name=\"twitter:label1\" content=\"Gesch\u00e4tzte Lesezeit\" \/>\n\t<meta name=\"twitter:data1\" content=\"8\u00a0Minuten\" \/>\n<script type=\"application\/ld+json\" class=\"yoast-schema-graph\">{\"@context\":\"https:\\\/\\\/schema.org\",\"@graph\":[{\"@type\":\"WebPage\",\"@id\":\"https:\\\/\\\/www.coztadeluxe.com\\\/de\\\/datenschutzerklaerung\\\/\",\"url\":\"https:\\\/\\\/www.coztadeluxe.com\\\/de\\\/datenschutzerklaerung\\\/\",\"name\":\"Datenschutzerkl\u00e4rung - COZTA de LUXE\",\"isPartOf\":{\"@id\":\"https:\\\/\\\/www.coztadeluxe.com\\\/de\\\/#website\"},\"primaryImageOfPage\":{\"@id\":\"https:\\\/\\\/www.coztadeluxe.com\\\/de\\\/datenschutzerklaerung\\\/#primaryimage\"},\"image\":{\"@id\":\"https:\\\/\\\/www.coztadeluxe.com\\\/de\\\/datenschutzerklaerung\\\/#primaryimage\"},\"thumbnailUrl\":\"https:\\\/\\\/www.coztadeluxe.com\\\/wp-content\\\/uploads\\\/2016\\\/11\\\/home-1.jpg\",\"datePublished\":\"2023-02-17T10:31:14+00:00\",\"dateModified\":\"2026-03-02T14:02:41+00:00\",\"breadcrumb\":{\"@id\":\"https:\\\/\\\/www.coztadeluxe.com\\\/de\\\/datenschutzerklaerung\\\/#breadcrumb\"},\"inLanguage\":\"de\",\"potentialAction\":[{\"@type\":\"ReadAction\",\"target\":[\"https:\\\/\\\/www.coztadeluxe.com\\\/de\\\/datenschutzerklaerung\\\/\"]}]},{\"@type\":\"ImageObject\",\"inLanguage\":\"de\",\"@id\":\"https:\\\/\\\/www.coztadeluxe.com\\\/de\\\/datenschutzerklaerung\\\/#primaryimage\",\"url\":\"https:\\\/\\\/www.coztadeluxe.com\\\/wp-content\\\/uploads\\\/2016\\\/11\\\/home-1.jpg\",\"contentUrl\":\"https:\\\/\\\/www.coztadeluxe.com\\\/wp-content\\\/uploads\\\/2016\\\/11\\\/home-1.jpg\",\"width\":1600,\"height\":900},{\"@type\":\"BreadcrumbList\",\"@id\":\"https:\\\/\\\/www.coztadeluxe.com\\\/de\\\/datenschutzerklaerung\\\/#breadcrumb\",\"itemListElement\":[{\"@type\":\"ListItem\",\"position\":1,\"name\":\"Home\",\"item\":\"https:\\\/\\\/www.coztadeluxe.com\\\/de\\\/\"},{\"@type\":\"ListItem\",\"position\":2,\"name\":\"Datenschutzerkl\u00e4rung\"}]},{\"@type\":\"WebSite\",\"@id\":\"https:\\\/\\\/www.coztadeluxe.com\\\/de\\\/#website\",\"url\":\"https:\\\/\\\/www.coztadeluxe.com\\\/de\\\/\",\"name\":\"COZTA de LUXE\",\"description\":\"Makes mediterranean dreams come true\",\"potentialAction\":[{\"@type\":\"SearchAction\",\"target\":{\"@type\":\"EntryPoint\",\"urlTemplate\":\"https:\\\/\\\/www.coztadeluxe.com\\\/de\\\/?s={search_term_string}\"},\"query-input\":{\"@type\":\"PropertyValueSpecification\",\"valueRequired\":true,\"valueName\":\"search_term_string\"}}],\"inLanguage\":\"de\"}]}<\/script>\n<!-- \/ Yoast SEO plugin. -->","yoast_head_json":{"title":"Datenschutzerkl\u00e4rung - COZTA de LUXE","robots":{"index":"index","follow":"follow","max-snippet":"max-snippet:-1","max-image-preview":"max-image-preview:large","max-video-preview":"max-video-preview:-1"},"canonical":"https:\/\/www.coztadeluxe.com\/de\/datenschutzerklaerung\/","og_locale":"de_DE","og_type":"article","og_title":"Datenschutzerkl\u00e4rung - COZTA de LUXE","og_description":"[vc_row full_width=&#8220;stretch_row&#8220; row_padding_bottom=&#8220;padding_bottom_none&#8220; css=&#8220;.vc_custom_1676620225615{margin-top: -100px !important;background-image: url(https:\/\/www.coztadeluxe.com\/wp-content\/uploads\/2023\/02\/over-ons.jpg?id=1147) !important;background-position: center !important;background-repeat: no-repeat !important;background-size: cover !important;}&#8220;][vc_column][vc_empty_space height=&#8220;200px&#8220;][vc_custom_heading text=&#8220;Datenschutzerkl\u00e4rung&#8220; font_container=&#8220;tag:h1|text_align:center|color:%23ffffff&#8220; use_theme_fonts=&#8220;yes&#8220; el_class=&#8220;shadowtext1&#8243;][vc_column_text el_class=&#8220;shadowtext1&#8243;] Lesen Sie hier unsere Datenschutzerkl\u00e4rung. [\/vc_column_text][vc_empty_space height=&#8220;60px&#8220;][\/vc_column][\/vc_row][vc_row full_width=&#8220;stretch_row&#8220; row_padding_top=&#8220;padding_top_none&#8220; row_padding_bottom=&#8220;padding_bottom_1-2&#8243; css=&#8220;.vc_custom_1676624014606{padding-top: 60px !important;background-color: #ffffff !important;}&#8220;][vc_column width=&#8220;5\/6&#8243;][vc_column_text css=&#8220;&#8220;]Datenschutzerkl\u00e4rung COZTA de LUXE Um unsere Dienstleistungen unseren Kunden und deren Besuchern zur Verf\u00fcgung zu stellen, ist es erforderlich, [&hellip;]","og_url":"https:\/\/www.coztadeluxe.com\/de\/datenschutzerklaerung\/","og_site_name":"COZTA de LUXE","article_modified_time":"2026-03-02T14:02:41+00:00","og_image":[{"width":1600,"height":900,"url":"https:\/\/www.coztadeluxe.com\/wp-content\/uploads\/2016\/11\/home-1.jpg","type":"image\/jpeg"}],"twitter_card":"summary_large_image","twitter_misc":{"Gesch\u00e4tzte Lesezeit":"8\u00a0Minuten"},"schema":{"@context":"https:\/\/schema.org","@graph":[{"@type":"WebPage","@id":"https:\/\/www.coztadeluxe.com\/de\/datenschutzerklaerung\/","url":"https:\/\/www.coztadeluxe.com\/de\/datenschutzerklaerung\/","name":"Datenschutzerkl\u00e4rung - COZTA de LUXE","isPartOf":{"@id":"https:\/\/www.coztadeluxe.com\/de\/#website"},"primaryImageOfPage":{"@id":"https:\/\/www.coztadeluxe.com\/de\/datenschutzerklaerung\/#primaryimage"},"image":{"@id":"https:\/\/www.coztadeluxe.com\/de\/datenschutzerklaerung\/#primaryimage"},"thumbnailUrl":"https:\/\/www.coztadeluxe.com\/wp-content\/uploads\/2016\/11\/home-1.jpg","datePublished":"2023-02-17T10:31:14+00:00","dateModified":"2026-03-02T14:02:41+00:00","breadcrumb":{"@id":"https:\/\/www.coztadeluxe.com\/de\/datenschutzerklaerung\/#breadcrumb"},"inLanguage":"de","potentialAction":[{"@type":"ReadAction","target":["https:\/\/www.coztadeluxe.com\/de\/datenschutzerklaerung\/"]}]},{"@type":"ImageObject","inLanguage":"de","@id":"https:\/\/www.coztadeluxe.com\/de\/datenschutzerklaerung\/#primaryimage","url":"https:\/\/www.coztadeluxe.com\/wp-content\/uploads\/2016\/11\/home-1.jpg","contentUrl":"https:\/\/www.coztadeluxe.com\/wp-content\/uploads\/2016\/11\/home-1.jpg","width":1600,"height":900},{"@type":"BreadcrumbList","@id":"https:\/\/www.coztadeluxe.com\/de\/datenschutzerklaerung\/#breadcrumb","itemListElement":[{"@type":"ListItem","position":1,"name":"Home","item":"https:\/\/www.coztadeluxe.com\/de\/"},{"@type":"ListItem","position":2,"name":"Datenschutzerkl\u00e4rung"}]},{"@type":"WebSite","@id":"https:\/\/www.coztadeluxe.com\/de\/#website","url":"https:\/\/www.coztadeluxe.com\/de\/","name":"COZTA de LUXE","description":"Makes mediterranean dreams come true","potentialAction":[{"@type":"SearchAction","target":{"@type":"EntryPoint","urlTemplate":"https:\/\/www.coztadeluxe.com\/de\/?s={search_term_string}"},"query-input":{"@type":"PropertyValueSpecification","valueRequired":true,"valueName":"search_term_string"}}],"inLanguage":"de"}]}},"_links":{"self":[{"href":"https:\/\/www.coztadeluxe.com\/de\/wp-json\/wp\/v2\/pages\/3909","targetHints":{"allow":["GET"]}}],"collection":[{"href":"https:\/\/www.coztadeluxe.com\/de\/wp-json\/wp\/v2\/pages"}],"about":[{"href":"https:\/\/www.coztadeluxe.com\/de\/wp-json\/wp\/v2\/types\/page"}],"author":[{"embeddable":true,"href":"https:\/\/www.coztadeluxe.com\/de\/wp-json\/wp\/v2\/users\/1"}],"replies":[{"embeddable":true,"href":"https:\/\/www.coztadeluxe.com\/de\/wp-json\/wp\/v2\/comments?post=3909"}],"version-history":[{"count":12,"href":"https:\/\/www.coztadeluxe.com\/de\/wp-json\/wp\/v2\/pages\/3909\/revisions"}],"predecessor-version":[{"id":5065,"href":"https:\/\/www.coztadeluxe.com\/de\/wp-json\/wp\/v2\/pages\/3909\/revisions\/5065"}],"wp:featuredmedia":[{"embeddable":true,"href":"https:\/\/www.coztadeluxe.com\/de\/wp-json\/wp\/v2\/media\/3891"}],"wp:attachment":[{"href":"https:\/\/www.coztadeluxe.com\/de\/wp-json\/wp\/v2\/media?parent=3909"}],"curies":[{"name":"wp","href":"https:\/\/api.w.org\/{rel}","templated":true}]}}