{"id":3906,"date":"2023-02-17T07:41:35","date_gmt":"2023-02-17T07:41:35","guid":{"rendered":"https:\/\/www.coztadeluxe.com\/ueber-uns\/"},"modified":"2024-05-01T09:11:49","modified_gmt":"2024-05-01T09:11:49","slug":"ueber-uns","status":"publish","type":"page","link":"https:\/\/www.coztadeluxe.com\/de\/ueber-uns\/","title":{"rendered":"\u00dcber uns"},"content":{"rendered":"<div class=\"wpb-content-wrapper\"><p>[vc_row full_width=&#8220;stretch_row&#8220; row_padding_bottom=&#8220;padding_bottom_none&#8220; css=&#8220;.vc_custom_1707486224929{margin-top: -100px !important;background-image: url(https:\/\/www.coztadeluxe.com\/wp-content\/uploads\/2024\/02\/Cozta_de_Luxe_Banner_02.jpg?id=3654) !important;background-position: center !important;background-repeat: no-repeat !important;background-size: cover !important;}&#8220;][vc_column][vc_empty_space height=&#8220;200px&#8220;][vc_custom_heading text=&#8220;\u00dcBER UNS&#8220; font_container=&#8220;tag:h1|text_align:center|color:%23ffffff&#8220; use_theme_fonts=&#8220;yes&#8220; el_class=&#8220;shadowtext1&#8243;][vc_column_text el_class=&#8220;shadowtext1&#8243;]<\/p>\n<p style=\"color: white; text-align: center;\">COZTA de LUXE f\u00fcr schl\u00fcsselfertige, Klasse und Komfort<\/p>\n<p>[\/vc_column_text][vc_empty_space height=&#8220;60px&#8220;][\/vc_column][\/vc_row][vc_row full_width=&#8220;stretch_row&#8220; row_padding_top=&#8220;padding_top_none&#8220; row_padding_bottom=&#8220;padding_bottom_none&#8220; css=&#8220;.vc_custom_1676551058210{padding-top: 60px !important;background-color: #ffffff !important;}&#8220;][vc_column width=&#8220;1\/12&#8243;][\/vc_column][vc_column width=&#8220;10\/12&#8243;][vc_column_text]<\/p>\n<h2 style=\"color: #bc9f4d; text-align: center;\">VOLLER GENUSS<\/h2>\n<p>[\/vc_column_text][vc_column_text css=&#8220;.vc_custom_1713973868519{margin-top: 7px !important;}&#8220;]<\/p>\n<p style=\"text-align: center;\">Wir glauben daran, dass man das Leben in vollen Z\u00fcgen genie\u00dfen und die sch\u00f6nen Dinge, die das Leben zu bieten hat, erleben sollte. COZTA de LUXE bietet Lebensgenie\u00dfern ein &#8222;Zuhause fernab von Zuhause&#8220; in den spanischen K\u00fcstenregionen J\u00e1vea und Moraira. Ein sonniger, entspannter Ort, an dem Sie in aller Luxus in einem geschmackvoll eingerichteten Zuhause entspannen k\u00f6nnen. Die hochwertigen, luxuri\u00f6sen und geschmackvoll eingerichteten Traumh\u00e4user von COZTA de LUXE sind sowohl zur Miete als auch zum Kauf erh\u00e4ltlich. &#8222;Lassen Sie Ihre mediterranen Tr\u00e4ume wahr werden&#8220;! Entdecken Sie unsere charmanten Mietwohnungen und unsere exklusiven Kaufvillen.<\/p>\n<p>[\/vc_column_text][\/vc_column][vc_column width=&#8220;1\/12&#8243;][\/vc_column][\/vc_row][vc_row full_width=&#8220;stretch_row&#8220; transparent=&#8220;transparent&#8220; row_padding_top=&#8220;padding_top_none&#8220; row_padding_bottom=&#8220;padding_bottom_2-3&#8243; el_class=&#8220;negative_margin_bottom_150_front&#8220; css=&#8220;.vc_custom_1676620707775{background-color: #ffffff !important;}&#8220;][vc_column width=&#8220;1\/2&#8243; css=&#8220;.vc_custom_1676545146718{background-position: center !important;background-repeat: no-repeat !important;background-size: cover !important;}&#8220;][vc_single_image image=&#8220;2520&#8243; img_size=&#8220;full&#8220;][vc_column_text]<\/p>\n<h3 style=\"color: #bc9f4d; text-align: left;\">PROJEKTE<\/h3>\n<p>[\/vc_column_text]<div class=\"plethora_button wpb_content_element  buttongroot text-left \">\n    <a href=\"https:\/\/www.coztadeluxe.com\/de\/projekte\/\" class=\"btn-lg btn btn-default  \" title=\"Projekte\"  target=\"_self\">\n\n        \n        BLEIB AUF DEM LAUFENDEN\n        \n\n    <\/a>\n<\/div>[\/vc_column][vc_column width=&#8220;1\/2&#8243;][vc_single_image image=&#8220;2517&#8243; img_size=&#8220;full&#8220;][vc_column_text]<\/p>\n<h3 style=\"color: #bc9f4d; text-align: left;\">KAUFANGEBOT<\/h3>\n<p>[\/vc_column_text]<div class=\"plethora_button wpb_content_element  buttongroot text-left \">\n    <a href=\"https:\/\/www.coztadeluxe.com\/de\/kaufen-eine-luxurioese-villa-costa-blanca\/\" class=\"btn-lg btn btn-default  \" title=\"Villa kaufen\"  target=\"_self\">\n\n        \n        KAUFANGEBOT\n        \n\n    <\/a>\n<\/div>[\/vc_column][\/vc_row][vc_row full_width=&#8220;stretch_row_content_no_spaces&#8220; transparent=&#8220;transparent&#8220; row_padding_bottom=&#8220;padding_bottom_none&#8220; css=&#8220;.vc_custom_1701064056593{padding-top: 110px !important;padding-bottom: 110px !important;background-image: url(https:\/\/www.coztadeluxe.com\/wp-content\/uploads\/2023\/03\/over-ons-banner-1.jpg?id=1859) !important;background-position: center !important;background-repeat: no-repeat !important;background-size: cover !important;}&#8220; el_class=&#8220;hidemobile1&#8243;][vc_column][vc_empty_space height=&#8220;200px&#8220;][vc_row_inner transparent=&#8220;transparent&#8220; row_padding_top=&#8220;padding_top_none&#8220; row_padding_bottom=&#8220;padding_bottom_none&#8220;][vc_column_inner width=&#8220;1\/12&#8243;][\/vc_column_inner][vc_column_inner width=&#8220;10\/12&#8243;][vc_single_image image=&#8220;1863&#8243; img_size=&#8220;full&#8220; alignment=&#8220;center&#8220;][\/vc_column_inner][vc_column_inner width=&#8220;1\/12&#8243;][\/vc_column_inner][\/vc_row_inner][vc_empty_space height=&#8220;50px&#8220;][\/vc_column][\/vc_row][vc_row full_width=&#8220;stretch_row_content_no_spaces&#8220; row_padding_top=&#8220;padding_top_none&#8220; row_padding_bottom=&#8220;padding_bottom_none&#8220; el_class=&#8220;hidedesktop1&#8243; css=&#8220;.vc_custom_1678890175038{background-image: url(https:\/\/www.coztadeluxe.com\/wp-content\/uploads\/2023\/02\/nurture-you-soul.jpg?id=1152) !important;}&#8220;][vc_column][vc_empty_space height=&#8220;100px&#8220;][\/vc_column][\/vc_row][vc_row full_width=&#8220;stretch_row&#8220; disable_element=&#8220;yes&#8220; row_padding_bottom=&#8220;padding_bottom_none&#8220; css=&#8220;.vc_custom_1681820502552{background-color: #ffffff !important;}&#8220;][vc_column]<div class=\"ple_anypostloop_shortcode wpb_content_element  \"><div id=\"grid_63ee1807ec11b\" class=\"grid_wrapper strict_grid row clearfix\">    \n<\/div><\/div>[\/vc_column][\/vc_row]<\/p>\n<\/div>","protected":false},"excerpt":{"rendered":"<p>[vc_row full_width=&#8220;stretch_row&#8220; row_padding_bottom=&#8220;padding_bottom_none&#8220; css=&#8220;.vc_custom_1707486224929{margin-top: -100px !important;background-image: url(https:\/\/www.coztadeluxe.com\/wp-content\/uploads\/2024\/02\/Cozta_de_Luxe_Banner_02.jpg?id=3654) !important;background-position: center !important;background-repeat: no-repeat !important;background-size: cover !important;}&#8220;][vc_column][vc_empty_space height=&#8220;200px&#8220;][vc_custom_heading text=&#8220;\u00dcBER UNS&#8220; font_container=&#8220;tag:h1|text_align:center|color:%23ffffff&#8220; use_theme_fonts=&#8220;yes&#8220; el_class=&#8220;shadowtext1&#8243;][vc_column_text el_class=&#8220;shadowtext1&#8243;] COZTA de LUXE f\u00fcr schl\u00fcsselfertige, Klasse und Komfort [\/vc_column_text][vc_empty_space height=&#8220;60px&#8220;][\/vc_column][\/vc_row][vc_row full_width=&#8220;stretch_row&#8220; row_padding_top=&#8220;padding_top_none&#8220; row_padding_bottom=&#8220;padding_bottom_none&#8220; css=&#8220;.vc_custom_1676551058210{padding-top: 60px !important;background-color: #ffffff !important;}&#8220;][vc_column width=&#8220;1\/12&#8243;][\/vc_column][vc_column width=&#8220;10\/12&#8243;][vc_column_text] VOLLER GENUSS [\/vc_column_text][vc_column_text css=&#8220;.vc_custom_1713973868519{margin-top: 7px !important;}&#8220;] Wir glauben daran, dass man das Leben in [&hellip;]<\/p>\n","protected":false},"author":1,"featured_media":3891,"parent":0,"menu_order":0,"comment_status":"closed","ping_status":"closed","template":"","meta":{"_acf_changed":false,"footnotes":""},"class_list":["post-3906","page","type-page","status-publish","has-post-thumbnail","hentry"],"acf":[],"yoast_head":"<!-- This site is optimized with the Yoast SEO plugin v27.5 - https:\/\/yoast.com\/product\/yoast-seo-wordpress\/ -->\n<title>\u00dcber uns - COZTA de LUXE<\/title>\n<meta name=\"robots\" content=\"index, follow, max-snippet:-1, max-image-preview:large, max-video-preview:-1\" \/>\n<link rel=\"canonical\" href=\"https:\/\/www.coztadeluxe.com\/de\/ueber-uns\/\" \/>\n<meta property=\"og:locale\" content=\"de_DE\" \/>\n<meta property=\"og:type\" content=\"article\" \/>\n<meta property=\"og:title\" content=\"\u00dcber uns - COZTA de LUXE\" \/>\n<meta property=\"og:description\" content=\"[vc_row full_width=&#8220;stretch_row&#8220; row_padding_bottom=&#8220;padding_bottom_none&#8220; css=&#8220;.vc_custom_1707486224929{margin-top: -100px !important;background-image: url(https:\/\/www.coztadeluxe.com\/wp-content\/uploads\/2024\/02\/Cozta_de_Luxe_Banner_02.jpg?id=3654) !important;background-position: center !important;background-repeat: no-repeat !important;background-size: cover !important;}&#8220;][vc_column][vc_empty_space height=&#8220;200px&#8220;][vc_custom_heading text=&#8220;\u00dcBER UNS&#8220; font_container=&#8220;tag:h1|text_align:center|color:%23ffffff&#8220; use_theme_fonts=&#8220;yes&#8220; el_class=&#8220;shadowtext1&#8243;][vc_column_text el_class=&#8220;shadowtext1&#8243;] COZTA de LUXE f\u00fcr schl\u00fcsselfertige, Klasse und Komfort [\/vc_column_text][vc_empty_space height=&#8220;60px&#8220;][\/vc_column][\/vc_row][vc_row full_width=&#8220;stretch_row&#8220; row_padding_top=&#8220;padding_top_none&#8220; row_padding_bottom=&#8220;padding_bottom_none&#8220; css=&#8220;.vc_custom_1676551058210{padding-top: 60px !important;background-color: #ffffff !important;}&#8220;][vc_column width=&#8220;1\/12&#8243;][\/vc_column][vc_column width=&#8220;10\/12&#8243;][vc_column_text] VOLLER GENUSS [\/vc_column_text][vc_column_text css=&#8220;.vc_custom_1713973868519{margin-top: 7px !important;}&#8220;] Wir glauben daran, dass man das Leben in [&hellip;]\" \/>\n<meta property=\"og:url\" content=\"https:\/\/www.coztadeluxe.com\/de\/ueber-uns\/\" \/>\n<meta property=\"og:site_name\" content=\"COZTA de LUXE\" \/>\n<meta property=\"article:modified_time\" content=\"2024-05-01T09:11:49+00:00\" \/>\n<meta property=\"og:image\" content=\"https:\/\/www.coztadeluxe.com\/wp-content\/uploads\/2016\/11\/home-1.jpg\" \/>\n\t<meta property=\"og:image:width\" content=\"1600\" \/>\n\t<meta property=\"og:image:height\" content=\"900\" \/>\n\t<meta property=\"og:image:type\" content=\"image\/jpeg\" \/>\n<meta name=\"twitter:card\" content=\"summary_large_image\" \/>\n<meta name=\"twitter:label1\" content=\"Gesch\u00e4tzte Lesezeit\" \/>\n\t<meta name=\"twitter:data1\" content=\"2\u00a0Minuten\" \/>\n<script type=\"application\/ld+json\" class=\"yoast-schema-graph\">{\"@context\":\"https:\\\/\\\/schema.org\",\"@graph\":[{\"@type\":\"WebPage\",\"@id\":\"https:\\\/\\\/www.coztadeluxe.com\\\/de\\\/ueber-uns\\\/\",\"url\":\"https:\\\/\\\/www.coztadeluxe.com\\\/de\\\/ueber-uns\\\/\",\"name\":\"\u00dcber uns - COZTA de LUXE\",\"isPartOf\":{\"@id\":\"https:\\\/\\\/www.coztadeluxe.com\\\/de\\\/#website\"},\"primaryImageOfPage\":{\"@id\":\"https:\\\/\\\/www.coztadeluxe.com\\\/de\\\/ueber-uns\\\/#primaryimage\"},\"image\":{\"@id\":\"https:\\\/\\\/www.coztadeluxe.com\\\/de\\\/ueber-uns\\\/#primaryimage\"},\"thumbnailUrl\":\"https:\\\/\\\/www.coztadeluxe.com\\\/wp-content\\\/uploads\\\/2016\\\/11\\\/home-1.jpg\",\"datePublished\":\"2023-02-17T07:41:35+00:00\",\"dateModified\":\"2024-05-01T09:11:49+00:00\",\"breadcrumb\":{\"@id\":\"https:\\\/\\\/www.coztadeluxe.com\\\/de\\\/ueber-uns\\\/#breadcrumb\"},\"inLanguage\":\"de\",\"potentialAction\":[{\"@type\":\"ReadAction\",\"target\":[\"https:\\\/\\\/www.coztadeluxe.com\\\/de\\\/ueber-uns\\\/\"]}]},{\"@type\":\"ImageObject\",\"inLanguage\":\"de\",\"@id\":\"https:\\\/\\\/www.coztadeluxe.com\\\/de\\\/ueber-uns\\\/#primaryimage\",\"url\":\"https:\\\/\\\/www.coztadeluxe.com\\\/wp-content\\\/uploads\\\/2016\\\/11\\\/home-1.jpg\",\"contentUrl\":\"https:\\\/\\\/www.coztadeluxe.com\\\/wp-content\\\/uploads\\\/2016\\\/11\\\/home-1.jpg\",\"width\":1600,\"height\":900},{\"@type\":\"BreadcrumbList\",\"@id\":\"https:\\\/\\\/www.coztadeluxe.com\\\/de\\\/ueber-uns\\\/#breadcrumb\",\"itemListElement\":[{\"@type\":\"ListItem\",\"position\":1,\"name\":\"Home\",\"item\":\"https:\\\/\\\/www.coztadeluxe.com\\\/de\\\/\"},{\"@type\":\"ListItem\",\"position\":2,\"name\":\"\u00dcber uns\"}]},{\"@type\":\"WebSite\",\"@id\":\"https:\\\/\\\/www.coztadeluxe.com\\\/de\\\/#website\",\"url\":\"https:\\\/\\\/www.coztadeluxe.com\\\/de\\\/\",\"name\":\"COZTA de LUXE\",\"description\":\"Makes mediterranean dreams come true\",\"potentialAction\":[{\"@type\":\"SearchAction\",\"target\":{\"@type\":\"EntryPoint\",\"urlTemplate\":\"https:\\\/\\\/www.coztadeluxe.com\\\/de\\\/?s={search_term_string}\"},\"query-input\":{\"@type\":\"PropertyValueSpecification\",\"valueRequired\":true,\"valueName\":\"search_term_string\"}}],\"inLanguage\":\"de\"}]}<\/script>\n<!-- \/ Yoast SEO plugin. -->","yoast_head_json":{"title":"\u00dcber uns - COZTA de LUXE","robots":{"index":"index","follow":"follow","max-snippet":"max-snippet:-1","max-image-preview":"max-image-preview:large","max-video-preview":"max-video-preview:-1"},"canonical":"https:\/\/www.coztadeluxe.com\/de\/ueber-uns\/","og_locale":"de_DE","og_type":"article","og_title":"\u00dcber uns - COZTA de LUXE","og_description":"[vc_row full_width=&#8220;stretch_row&#8220; row_padding_bottom=&#8220;padding_bottom_none&#8220; css=&#8220;.vc_custom_1707486224929{margin-top: -100px !important;background-image: url(https:\/\/www.coztadeluxe.com\/wp-content\/uploads\/2024\/02\/Cozta_de_Luxe_Banner_02.jpg?id=3654) !important;background-position: center !important;background-repeat: no-repeat !important;background-size: cover !important;}&#8220;][vc_column][vc_empty_space height=&#8220;200px&#8220;][vc_custom_heading text=&#8220;\u00dcBER UNS&#8220; font_container=&#8220;tag:h1|text_align:center|color:%23ffffff&#8220; use_theme_fonts=&#8220;yes&#8220; el_class=&#8220;shadowtext1&#8243;][vc_column_text el_class=&#8220;shadowtext1&#8243;] COZTA de LUXE f\u00fcr schl\u00fcsselfertige, Klasse und Komfort [\/vc_column_text][vc_empty_space height=&#8220;60px&#8220;][\/vc_column][\/vc_row][vc_row full_width=&#8220;stretch_row&#8220; row_padding_top=&#8220;padding_top_none&#8220; row_padding_bottom=&#8220;padding_bottom_none&#8220; css=&#8220;.vc_custom_1676551058210{padding-top: 60px !important;background-color: #ffffff !important;}&#8220;][vc_column width=&#8220;1\/12&#8243;][\/vc_column][vc_column width=&#8220;10\/12&#8243;][vc_column_text] VOLLER GENUSS [\/vc_column_text][vc_column_text css=&#8220;.vc_custom_1713973868519{margin-top: 7px !important;}&#8220;] Wir glauben daran, dass man das Leben in [&hellip;]","og_url":"https:\/\/www.coztadeluxe.com\/de\/ueber-uns\/","og_site_name":"COZTA de LUXE","article_modified_time":"2024-05-01T09:11:49+00:00","og_image":[{"width":1600,"height":900,"url":"https:\/\/www.coztadeluxe.com\/wp-content\/uploads\/2016\/11\/home-1.jpg","type":"image\/jpeg"}],"twitter_card":"summary_large_image","twitter_misc":{"Gesch\u00e4tzte Lesezeit":"2\u00a0Minuten"},"schema":{"@context":"https:\/\/schema.org","@graph":[{"@type":"WebPage","@id":"https:\/\/www.coztadeluxe.com\/de\/ueber-uns\/","url":"https:\/\/www.coztadeluxe.com\/de\/ueber-uns\/","name":"\u00dcber uns - COZTA de LUXE","isPartOf":{"@id":"https:\/\/www.coztadeluxe.com\/de\/#website"},"primaryImageOfPage":{"@id":"https:\/\/www.coztadeluxe.com\/de\/ueber-uns\/#primaryimage"},"image":{"@id":"https:\/\/www.coztadeluxe.com\/de\/ueber-uns\/#primaryimage"},"thumbnailUrl":"https:\/\/www.coztadeluxe.com\/wp-content\/uploads\/2016\/11\/home-1.jpg","datePublished":"2023-02-17T07:41:35+00:00","dateModified":"2024-05-01T09:11:49+00:00","breadcrumb":{"@id":"https:\/\/www.coztadeluxe.com\/de\/ueber-uns\/#breadcrumb"},"inLanguage":"de","potentialAction":[{"@type":"ReadAction","target":["https:\/\/www.coztadeluxe.com\/de\/ueber-uns\/"]}]},{"@type":"ImageObject","inLanguage":"de","@id":"https:\/\/www.coztadeluxe.com\/de\/ueber-uns\/#primaryimage","url":"https:\/\/www.coztadeluxe.com\/wp-content\/uploads\/2016\/11\/home-1.jpg","contentUrl":"https:\/\/www.coztadeluxe.com\/wp-content\/uploads\/2016\/11\/home-1.jpg","width":1600,"height":900},{"@type":"BreadcrumbList","@id":"https:\/\/www.coztadeluxe.com\/de\/ueber-uns\/#breadcrumb","itemListElement":[{"@type":"ListItem","position":1,"name":"Home","item":"https:\/\/www.coztadeluxe.com\/de\/"},{"@type":"ListItem","position":2,"name":"\u00dcber uns"}]},{"@type":"WebSite","@id":"https:\/\/www.coztadeluxe.com\/de\/#website","url":"https:\/\/www.coztadeluxe.com\/de\/","name":"COZTA de LUXE","description":"Makes mediterranean dreams come true","potentialAction":[{"@type":"SearchAction","target":{"@type":"EntryPoint","urlTemplate":"https:\/\/www.coztadeluxe.com\/de\/?s={search_term_string}"},"query-input":{"@type":"PropertyValueSpecification","valueRequired":true,"valueName":"search_term_string"}}],"inLanguage":"de"}]}},"_links":{"self":[{"href":"https:\/\/www.coztadeluxe.com\/de\/wp-json\/wp\/v2\/pages\/3906","targetHints":{"allow":["GET"]}}],"collection":[{"href":"https:\/\/www.coztadeluxe.com\/de\/wp-json\/wp\/v2\/pages"}],"about":[{"href":"https:\/\/www.coztadeluxe.com\/de\/wp-json\/wp\/v2\/types\/page"}],"author":[{"embeddable":true,"href":"https:\/\/www.coztadeluxe.com\/de\/wp-json\/wp\/v2\/users\/1"}],"replies":[{"embeddable":true,"href":"https:\/\/www.coztadeluxe.com\/de\/wp-json\/wp\/v2\/comments?post=3906"}],"version-history":[{"count":13,"href":"https:\/\/www.coztadeluxe.com\/de\/wp-json\/wp\/v2\/pages\/3906\/revisions"}],"predecessor-version":[{"id":4163,"href":"https:\/\/www.coztadeluxe.com\/de\/wp-json\/wp\/v2\/pages\/3906\/revisions\/4163"}],"wp:featuredmedia":[{"embeddable":true,"href":"https:\/\/www.coztadeluxe.com\/de\/wp-json\/wp\/v2\/media\/3891"}],"wp:attachment":[{"href":"https:\/\/www.coztadeluxe.com\/de\/wp-json\/wp\/v2\/media?parent=3906"}],"curies":[{"name":"wp","href":"https:\/\/api.w.org\/{rel}","templated":true}]}}