{"id":3897,"date":"2023-02-16T15:28:31","date_gmt":"2023-02-16T15:28:31","guid":{"rendered":"https:\/\/www.coztadeluxe.com\/javea-und-moraira\/"},"modified":"2024-04-28T20:28:45","modified_gmt":"2024-04-28T20:28:45","slug":"javea-und-moraira","status":"publish","type":"page","link":"https:\/\/www.coztadeluxe.com\/de\/javea-und-moraira\/","title":{"rendered":"J\u00c1VEA UND MORAIRA"},"content":{"rendered":"<div class=\"wpb-content-wrapper\"><p>[vc_row full_width=&#8220;stretch_row&#8220; row_padding_bottom=&#8220;padding_bottom_none&#8220; css=&#8220;.vc_custom_1707484688599{margin-top: -100px !important;background-image: url(https:\/\/www.coztadeluxe.com\/wp-content\/uploads\/2023\/02\/beleef-spanje-3.jpg?id=1130) !important;background-position: center !important;background-repeat: no-repeat !important;background-size: cover !important;}&#8220;][vc_column][vc_empty_space height=&#8220;240px&#8220;][vc_custom_heading text=&#8220;J\u00c1VEA &amp; MORAIRA AN DER COSTA BLANCA&#8220; font_container=&#8220;tag:h1|text_align:center|color:%23ffffff&#8220; use_theme_fonts=&#8220;yes&#8220; el_class=&#8220;shadowtext1&#8243; css=&#8220;.vc_custom_1707483788005{margin-top: -15px !important;}&#8220;][vc_column_text el_class=&#8220;shadowtext1&#8243;]<\/p>\n<p style=\"color: white; text-align: center;\">Eine magische Region<\/p>\n<p>[\/vc_column_text][vc_empty_space height=&#8220;60px&#8220;][\/vc_column][\/vc_row][vc_row full_width=&#8220;stretch_row&#8220; row_padding_top=&#8220;padding_top_none&#8220; row_padding_bottom=&#8220;padding_bottom_2-3&#8243; css=&#8220;.vc_custom_1676616789305{padding-top: 60px !important;background-color: #ffffff !important;}&#8220;][vc_column width=&#8220;1\/12&#8243;][\/vc_column][vc_column width=&#8220;10\/12&#8243;][vc_column_text]<\/p>\n<h2 style=\"color: #bc9f4d; text-align: center;\">ERLEBE DAS ECHTE SPANIEN<\/h2>\n<p>[\/vc_column_text][vc_column_text css=&#8220;.vc_custom_1705780249798{margin-top: 7px !important;}&#8220;]<\/p>\n<div class=\"flex flex-grow flex-col max-w-full\">\n<div class=\"min-h-[20px] text-message flex flex-col items-start gap-3 whitespace-pre-wrap break-words [.text-message+&amp;]:mt-5 overflow-x-auto\" data-message-author-role=\"assistant\" data-message-id=\"c7d08c06-4f69-4140-96e7-b24fcf52a833\">\n<div class=\"markdown prose w-full break-words dark:prose-invert light\">\n<p style=\"text-align: center;\">Eine magische Region an der Costa Blanca \u2013 J\u00e1vea und Moraira sind zwei bezaubernde K\u00fcstenst\u00e4dte, jede mit ihrem eigenen einzigartigen Charme. J\u00e1vea vereint perfekte azurblaue Str\u00e4nde, eine historische Altstadt und einen lebendigen Hafen, was Ihnen zahlreiche M\u00f6glichkeiten zum Entspannen, Essen und Erkunden bietet. Unsere Villen, die sich auf den H\u00fcgeln zwischen J\u00e1vea und Moraira befinden, bieten die ideale Kulisse. Ob Sie das Meer oder die Berge bevorzugen, COZTA de LUXE hat die sch\u00f6nsten Orte, um beides zu entdecken!<\/p>\n<\/div>\n<\/div>\n<\/div>\n<p>[\/vc_column_text][\/vc_column][vc_column width=&#8220;1\/12&#8243;][\/vc_column][\/vc_row][vc_row full_width=&#8220;stretch_row_content_no_spaces&#8220; css=&#8220;.vc_custom_1676616900974{padding-top: 100px !important;padding-bottom: 100px !important;background-image: url(https:\/\/www.coztadeluxe.com\/wp-content\/uploads\/2023\/02\/te-zien.jpg?id=1135) !important;background-position: center !important;background-repeat: no-repeat !important;background-size: cover !important;}&#8220;][vc_column width=&#8220;5\/12&#8243;][\/vc_column][vc_column width=&#8220;6\/12&#8243; css=&#8220;.vc_custom_1676616964523{padding-top: 30px !important;padding-right: 50px !important;padding-bottom: 30px !important;padding-left: 50px !important;background-color: #eeebe6 !important;background-position: center !important;background-repeat: no-repeat !important;background-size: cover !important;}&#8220;][vc_column_text]<\/p>\n<h2 style=\"text-align: left; color: #bc9f4d;\">ZU SEHEN<\/h2>\n<h5 style=\"text-align: left; color: #bc9f4d;\">J\u00c1VEA &amp; MORAIRA<\/h5>\n<p>[\/vc_column_text][vc_column_text]<\/p>\n<p style=\"text-align: left;\">Neben den wundersch\u00f6nen Str\u00e4nden und der atemberaubenden Natur gibt es in der Region viel zu entdecken. Besuchen Sie die Promenade Arenal mit ihren gem\u00fctlichen Gesch\u00e4ften, Bars und Restaurants. Oder machen Sie einen Ausflug zum Cabo de la Nao, von wo aus Sie bei klarem Wetter einen herrlichen Blick auf Ibiza haben. Besuchen Sie den Leuchtturm und genie\u00dfen Sie einen atemberaubenden Sonnenuntergang. Kulturliebhaber werden die Parroquia de Nuestra Se\u00f1ora de Loreto zu sch\u00e4tzen wissen, eine Kirche in der N\u00e4he des Hafens mit besonderer Architektur. J\u00e1vea und Moraira sind au\u00dferdem nur eine Stunde von Alicante und Valencia entfernt. Es besteht auch die M\u00f6glichkeit, von Denia aus nach Ibiza \u00fcberzusetzen.<\/p>\n<p>[\/vc_column_text][\/vc_column][vc_column width=&#8220;1\/12&#8243;][\/vc_column][\/vc_row][vc_row full_width=&#8220;stretch_row_content_no_spaces&#8220; css=&#8220;.vc_custom_1676617243611{padding-top: 100px !important;padding-bottom: 100px !important;background-image: url(https:\/\/www.coztadeluxe.com\/wp-content\/uploads\/2023\/02\/Te-doen.jpg?id=1137) !important;background-position: center !important;background-repeat: no-repeat !important;background-size: cover !important;}&#8220;][vc_column width=&#8220;1\/12&#8243;][\/vc_column][vc_column width=&#8220;5\/12&#8243; css=&#8220;.vc_custom_1676617780562{padding-top: 40px !important;padding-right: 50px !important;padding-bottom: 40px !important;padding-left: 50px !important;background-color: #eeebe6 !important;background-position: center !important;background-repeat: no-repeat !important;background-size: cover !important;}&#8220;][vc_column_text]<\/p>\n<h2 style=\"text-align: left; color: #bc9f4d;\">ZU TUN<\/h2>\n<h5 style=\"text-align: left; color: #bc9f4d;\">J\u00c1VEA &amp; MORAIRA<\/h5>\n<p>[\/vc_column_text][vc_column_text]<\/p>\n<div class=\"flex flex-grow flex-col max-w-full\">\n<div class=\"min-h-[20px] text-message flex flex-col items-start gap-3 whitespace-pre-wrap break-words [.text-message+&amp;]:mt-5 overflow-x-auto\" data-message-author-role=\"assistant\" data-message-id=\"7513db94-3e2a-4ca9-9952-93f9ee87df85\">\n<div class=\"markdown prose w-full break-words dark:prose-invert light\">\n<p>Mit ihren wundersch\u00f6nen Str\u00e4nden k\u00f6nnen Sie entlang der K\u00fcste von J\u00e1vea und Moraira nat\u00fcrlich endlos faulenzen, entspannen und lunchen. Aber auch Sportbegeisterte kommen auf ihre Kosten, indem sie eine der Mountainbikerouten befahren. Oder entdecken Sie mit einem Kajak die versteckten Buchten und H\u00f6hlen der Region, wie die Cova del Llop Mari und Cova del Nao. Mieten Sie einen Katamaran oder entdecken Sie Schnorchelpl\u00e4tze mit der einzigartigen Unterwasserflora und -fauna der Region.<\/p>\n<\/div>\n<\/div>\n<\/div>\n<p>[\/vc_column_text][\/vc_column][vc_column width=&#8220;6\/12&#8243;][\/vc_column][\/vc_row][vc_row full_width=&#8220;stretch_row_content_no_spaces&#8220; css=&#8220;.vc_custom_1676617503779{padding-top: 100px !important;padding-bottom: 100px !important;background-image: url(https:\/\/www.coztadeluxe.com\/wp-content\/uploads\/2023\/02\/TE-PROEVEN.jpg?id=1139) !important;background-position: center !important;background-repeat: no-repeat !important;background-size: cover !important;}&#8220;][vc_column width=&#8220;5\/12&#8243;][\/vc_column][vc_column width=&#8220;6\/12&#8243; css=&#8220;.vc_custom_1676617793854{padding-top: 40px !important;padding-right: 50px !important;padding-bottom: 40px !important;padding-left: 50px !important;background-color: #eeebe6 !important;background-position: center !important;background-repeat: no-repeat !important;background-size: cover !important;}&#8220;][vc_column_text]<\/p>\n<h2 style=\"text-align: left; color: #bc9f4d;\"><span data-sheets-formula-bar-text-style=\"font-size:15px;color:#000000;font-weight:normal;text-decoration:none;font-family:'docs-Calibri';font-style:normal;text-decoration-skip-ink:none;\">ZU SCHMECKEN<br \/>\n<\/span><\/h2>\n<h5 style=\"text-align: left; color: #bc9f4d;\">J\u00c1VEA &amp; MORAIRA<\/h5>\n<p>[\/vc_column_text][vc_column_text]<\/p>\n<p style=\"text-align: left;\">Die alten Fischerd\u00f6rfer und ihre H\u00e4fen laden Sie ein, typisch spanische Meeresgerichte zu probieren, die seit Hunderten von Jahren bestehen, wie zum Beispiel gekochten Oktopus &#8211; Pulpo a Feira &#8211; oder eine traditionelle Paella mit ihren lokalen Variationen. Die Region bietet eine Vielzahl von frischen, lokalen Produkten, die sowohl in den typisch spanischen Tavernen als auch in den luxuri\u00f6sen Gourmetrestaurants verwendet werden. Jeder Strand hat sein eigenes beliebtes Strandlokal. Genie\u00dfen Sie ein erfrischendes kaltes Gazpacho zum Mittagessen und begleiten Sie es mit einem sch\u00f6nen Glas spanischem Wein.<\/p>\n<p>[\/vc_column_text][\/vc_column][vc_column width=&#8220;1\/12&#8243;][\/vc_column][\/vc_row]<\/p>\n<\/div>","protected":false},"excerpt":{"rendered":"<p>[vc_row full_width=&#8220;stretch_row&#8220; row_padding_bottom=&#8220;padding_bottom_none&#8220; css=&#8220;.vc_custom_1707484688599{margin-top: -100px !important;background-image: url(https:\/\/www.coztadeluxe.com\/wp-content\/uploads\/2023\/02\/beleef-spanje-3.jpg?id=1130) !important;background-position: center !important;background-repeat: no-repeat !important;background-size: cover !important;}&#8220;][vc_column][vc_empty_space height=&#8220;240px&#8220;][vc_custom_heading text=&#8220;J\u00c1VEA &amp; MORAIRA AN DER COSTA BLANCA&#8220; font_container=&#8220;tag:h1|text_align:center|color:%23ffffff&#8220; use_theme_fonts=&#8220;yes&#8220; el_class=&#8220;shadowtext1&#8243; css=&#8220;.vc_custom_1707483788005{margin-top: -15px !important;}&#8220;][vc_column_text el_class=&#8220;shadowtext1&#8243;] Eine magische Region [\/vc_column_text][vc_empty_space height=&#8220;60px&#8220;][\/vc_column][\/vc_row][vc_row full_width=&#8220;stretch_row&#8220; row_padding_top=&#8220;padding_top_none&#8220; row_padding_bottom=&#8220;padding_bottom_2-3&#8243; css=&#8220;.vc_custom_1676616789305{padding-top: 60px !important;background-color: #ffffff !important;}&#8220;][vc_column width=&#8220;1\/12&#8243;][\/vc_column][vc_column width=&#8220;10\/12&#8243;][vc_column_text] ERLEBE DAS ECHTE SPANIEN [\/vc_column_text][vc_column_text css=&#8220;.vc_custom_1705780249798{margin-top: 7px !important;}&#8220;] Eine magische Region [&hellip;]<\/p>\n","protected":false},"author":1,"featured_media":3891,"parent":0,"menu_order":0,"comment_status":"closed","ping_status":"closed","template":"","meta":{"_acf_changed":false,"footnotes":""},"class_list":["post-3897","page","type-page","status-publish","has-post-thumbnail","hentry"],"acf":[],"yoast_head":"<!-- This site is optimized with the Yoast SEO plugin v27.5 - https:\/\/yoast.com\/product\/yoast-seo-wordpress\/ -->\n<title>Magische Region - Costa Blanca - J\u00c1VEA UND MORAIRA - COZTA de LUXE<\/title>\n<meta name=\"description\" content=\"Eine magische Region an der Costa Blanca - Gelegen auf den H\u00fcgeln zwischen J\u00e1vea und Moraira, bieten unsere Villen die perfekte Kulisse.\" \/>\n<meta name=\"robots\" content=\"index, follow, max-snippet:-1, max-image-preview:large, max-video-preview:-1\" \/>\n<link rel=\"canonical\" href=\"https:\/\/www.coztadeluxe.com\/de\/javea-und-moraira\/\" \/>\n<meta property=\"og:locale\" content=\"de_DE\" \/>\n<meta property=\"og:type\" content=\"article\" \/>\n<meta property=\"og:title\" content=\"Magische Region - Costa Blanca - J\u00c1VEA UND MORAIRA - COZTA de LUXE\" \/>\n<meta property=\"og:description\" content=\"Eine magische Region an der Costa Blanca - Gelegen auf den H\u00fcgeln zwischen J\u00e1vea und Moraira, bieten unsere Villen die perfekte Kulisse.\" \/>\n<meta property=\"og:url\" content=\"https:\/\/www.coztadeluxe.com\/de\/javea-und-moraira\/\" \/>\n<meta property=\"og:site_name\" content=\"COZTA de LUXE\" \/>\n<meta property=\"article:modified_time\" content=\"2024-04-28T20:28:45+00:00\" \/>\n<meta property=\"og:image\" content=\"https:\/\/www.coztadeluxe.com\/wp-content\/uploads\/2016\/11\/home-1.jpg\" \/>\n\t<meta property=\"og:image:width\" content=\"1600\" \/>\n\t<meta property=\"og:image:height\" content=\"900\" \/>\n\t<meta property=\"og:image:type\" content=\"image\/jpeg\" \/>\n<meta name=\"twitter:card\" content=\"summary_large_image\" \/>\n<meta name=\"twitter:label1\" content=\"Gesch\u00e4tzte Lesezeit\" \/>\n\t<meta name=\"twitter:data1\" content=\"3\u00a0Minuten\" \/>\n<script type=\"application\/ld+json\" class=\"yoast-schema-graph\">{\"@context\":\"https:\\\/\\\/schema.org\",\"@graph\":[{\"@type\":\"WebPage\",\"@id\":\"https:\\\/\\\/www.coztadeluxe.com\\\/de\\\/javea-und-moraira\\\/\",\"url\":\"https:\\\/\\\/www.coztadeluxe.com\\\/de\\\/javea-und-moraira\\\/\",\"name\":\"Magische Region - Costa Blanca - J\u00c1VEA UND MORAIRA - COZTA de LUXE\",\"isPartOf\":{\"@id\":\"https:\\\/\\\/www.coztadeluxe.com\\\/de\\\/#website\"},\"primaryImageOfPage\":{\"@id\":\"https:\\\/\\\/www.coztadeluxe.com\\\/de\\\/javea-und-moraira\\\/#primaryimage\"},\"image\":{\"@id\":\"https:\\\/\\\/www.coztadeluxe.com\\\/de\\\/javea-und-moraira\\\/#primaryimage\"},\"thumbnailUrl\":\"https:\\\/\\\/www.coztadeluxe.com\\\/wp-content\\\/uploads\\\/2016\\\/11\\\/home-1.jpg\",\"datePublished\":\"2023-02-16T15:28:31+00:00\",\"dateModified\":\"2024-04-28T20:28:45+00:00\",\"description\":\"Eine magische Region an der Costa Blanca - Gelegen auf den H\u00fcgeln zwischen J\u00e1vea und Moraira, bieten unsere Villen die perfekte Kulisse.\",\"breadcrumb\":{\"@id\":\"https:\\\/\\\/www.coztadeluxe.com\\\/de\\\/javea-und-moraira\\\/#breadcrumb\"},\"inLanguage\":\"de\",\"potentialAction\":[{\"@type\":\"ReadAction\",\"target\":[\"https:\\\/\\\/www.coztadeluxe.com\\\/de\\\/javea-und-moraira\\\/\"]}]},{\"@type\":\"ImageObject\",\"inLanguage\":\"de\",\"@id\":\"https:\\\/\\\/www.coztadeluxe.com\\\/de\\\/javea-und-moraira\\\/#primaryimage\",\"url\":\"https:\\\/\\\/www.coztadeluxe.com\\\/wp-content\\\/uploads\\\/2016\\\/11\\\/home-1.jpg\",\"contentUrl\":\"https:\\\/\\\/www.coztadeluxe.com\\\/wp-content\\\/uploads\\\/2016\\\/11\\\/home-1.jpg\",\"width\":1600,\"height\":900},{\"@type\":\"BreadcrumbList\",\"@id\":\"https:\\\/\\\/www.coztadeluxe.com\\\/de\\\/javea-und-moraira\\\/#breadcrumb\",\"itemListElement\":[{\"@type\":\"ListItem\",\"position\":1,\"name\":\"Home\",\"item\":\"https:\\\/\\\/www.coztadeluxe.com\\\/de\\\/\"},{\"@type\":\"ListItem\",\"position\":2,\"name\":\"J\u00c1VEA UND MORAIRA\"}]},{\"@type\":\"WebSite\",\"@id\":\"https:\\\/\\\/www.coztadeluxe.com\\\/de\\\/#website\",\"url\":\"https:\\\/\\\/www.coztadeluxe.com\\\/de\\\/\",\"name\":\"COZTA de LUXE\",\"description\":\"Makes mediterranean dreams come true\",\"potentialAction\":[{\"@type\":\"SearchAction\",\"target\":{\"@type\":\"EntryPoint\",\"urlTemplate\":\"https:\\\/\\\/www.coztadeluxe.com\\\/de\\\/?s={search_term_string}\"},\"query-input\":{\"@type\":\"PropertyValueSpecification\",\"valueRequired\":true,\"valueName\":\"search_term_string\"}}],\"inLanguage\":\"de\"}]}<\/script>\n<!-- \/ Yoast SEO plugin. -->","yoast_head_json":{"title":"Magische Region - Costa Blanca - J\u00c1VEA UND MORAIRA - COZTA de LUXE","description":"Eine magische Region an der Costa Blanca - Gelegen auf den H\u00fcgeln zwischen J\u00e1vea und Moraira, bieten unsere Villen die perfekte Kulisse.","robots":{"index":"index","follow":"follow","max-snippet":"max-snippet:-1","max-image-preview":"max-image-preview:large","max-video-preview":"max-video-preview:-1"},"canonical":"https:\/\/www.coztadeluxe.com\/de\/javea-und-moraira\/","og_locale":"de_DE","og_type":"article","og_title":"Magische Region - Costa Blanca - J\u00c1VEA UND MORAIRA - COZTA de LUXE","og_description":"Eine magische Region an der Costa Blanca - Gelegen auf den H\u00fcgeln zwischen J\u00e1vea und Moraira, bieten unsere Villen die perfekte Kulisse.","og_url":"https:\/\/www.coztadeluxe.com\/de\/javea-und-moraira\/","og_site_name":"COZTA de LUXE","article_modified_time":"2024-04-28T20:28:45+00:00","og_image":[{"width":1600,"height":900,"url":"https:\/\/www.coztadeluxe.com\/wp-content\/uploads\/2016\/11\/home-1.jpg","type":"image\/jpeg"}],"twitter_card":"summary_large_image","twitter_misc":{"Gesch\u00e4tzte Lesezeit":"3\u00a0Minuten"},"schema":{"@context":"https:\/\/schema.org","@graph":[{"@type":"WebPage","@id":"https:\/\/www.coztadeluxe.com\/de\/javea-und-moraira\/","url":"https:\/\/www.coztadeluxe.com\/de\/javea-und-moraira\/","name":"Magische Region - Costa Blanca - J\u00c1VEA UND MORAIRA - COZTA de LUXE","isPartOf":{"@id":"https:\/\/www.coztadeluxe.com\/de\/#website"},"primaryImageOfPage":{"@id":"https:\/\/www.coztadeluxe.com\/de\/javea-und-moraira\/#primaryimage"},"image":{"@id":"https:\/\/www.coztadeluxe.com\/de\/javea-und-moraira\/#primaryimage"},"thumbnailUrl":"https:\/\/www.coztadeluxe.com\/wp-content\/uploads\/2016\/11\/home-1.jpg","datePublished":"2023-02-16T15:28:31+00:00","dateModified":"2024-04-28T20:28:45+00:00","description":"Eine magische Region an der Costa Blanca - Gelegen auf den H\u00fcgeln zwischen J\u00e1vea und Moraira, bieten unsere Villen die perfekte Kulisse.","breadcrumb":{"@id":"https:\/\/www.coztadeluxe.com\/de\/javea-und-moraira\/#breadcrumb"},"inLanguage":"de","potentialAction":[{"@type":"ReadAction","target":["https:\/\/www.coztadeluxe.com\/de\/javea-und-moraira\/"]}]},{"@type":"ImageObject","inLanguage":"de","@id":"https:\/\/www.coztadeluxe.com\/de\/javea-und-moraira\/#primaryimage","url":"https:\/\/www.coztadeluxe.com\/wp-content\/uploads\/2016\/11\/home-1.jpg","contentUrl":"https:\/\/www.coztadeluxe.com\/wp-content\/uploads\/2016\/11\/home-1.jpg","width":1600,"height":900},{"@type":"BreadcrumbList","@id":"https:\/\/www.coztadeluxe.com\/de\/javea-und-moraira\/#breadcrumb","itemListElement":[{"@type":"ListItem","position":1,"name":"Home","item":"https:\/\/www.coztadeluxe.com\/de\/"},{"@type":"ListItem","position":2,"name":"J\u00c1VEA UND MORAIRA"}]},{"@type":"WebSite","@id":"https:\/\/www.coztadeluxe.com\/de\/#website","url":"https:\/\/www.coztadeluxe.com\/de\/","name":"COZTA de LUXE","description":"Makes mediterranean dreams come true","potentialAction":[{"@type":"SearchAction","target":{"@type":"EntryPoint","urlTemplate":"https:\/\/www.coztadeluxe.com\/de\/?s={search_term_string}"},"query-input":{"@type":"PropertyValueSpecification","valueRequired":true,"valueName":"search_term_string"}}],"inLanguage":"de"}]}},"_links":{"self":[{"href":"https:\/\/www.coztadeluxe.com\/de\/wp-json\/wp\/v2\/pages\/3897","targetHints":{"allow":["GET"]}}],"collection":[{"href":"https:\/\/www.coztadeluxe.com\/de\/wp-json\/wp\/v2\/pages"}],"about":[{"href":"https:\/\/www.coztadeluxe.com\/de\/wp-json\/wp\/v2\/types\/page"}],"author":[{"embeddable":true,"href":"https:\/\/www.coztadeluxe.com\/de\/wp-json\/wp\/v2\/users\/1"}],"replies":[{"embeddable":true,"href":"https:\/\/www.coztadeluxe.com\/de\/wp-json\/wp\/v2\/comments?post=3897"}],"version-history":[{"count":5,"href":"https:\/\/www.coztadeluxe.com\/de\/wp-json\/wp\/v2\/pages\/3897\/revisions"}],"predecessor-version":[{"id":4112,"href":"https:\/\/www.coztadeluxe.com\/de\/wp-json\/wp\/v2\/pages\/3897\/revisions\/4112"}],"wp:featuredmedia":[{"embeddable":true,"href":"https:\/\/www.coztadeluxe.com\/de\/wp-json\/wp\/v2\/media\/3891"}],"wp:attachment":[{"href":"https:\/\/www.coztadeluxe.com\/de\/wp-json\/wp\/v2\/media?parent=3897"}],"curies":[{"name":"wp","href":"https:\/\/api.w.org\/{rel}","templated":true}]}}