{"id":3890,"date":"2016-11-23T14:33:15","date_gmt":"2016-11-23T14:33:15","guid":{"rendered":"https:\/\/www.coztadeluxe.com\/home\/"},"modified":"2026-03-13T20:20:47","modified_gmt":"2026-03-13T20:20:47","slug":"home","status":"publish","type":"page","link":"https:\/\/www.coztadeluxe.com\/de\/","title":{"rendered":"Home"},"content":{"rendered":"<div class=\"wpb-content-wrapper\"><p>[vc_row row_padding_bottom=&#8220;padding_bottom_none&#8220; css=&#8220;.vc_custom_1675946128062{margin-top: -100px !important;}&#8220;][vc_column]\n\t\t\t<!-- START Slider Deutsch REVOLUTION SLIDER 6.7.40 --><p class=\"rs-p-wp-fix\"><\/p>\n\t\t\t<rs-module-wrap id=\"rev_slider_4_1_wrapper\" data-source=\"gallery\" style=\"visibility:hidden;background:transparent;padding:0;margin:0px auto;margin-top:0;margin-bottom:0;\">\n\t\t\t\t<rs-module id=\"rev_slider_4_1\" style=\"\" data-version=\"6.7.40\">\n\t\t\t\t\t<rs-slides style=\"overflow: hidden; position: absolute;\">\n\t\t\t\t\t\t<rs-slide style=\"position: absolute;\" data-key=\"rs-6\" data-title=\"Slide English\" data-in=\"o:0;\" data-out=\"a:false;\">\n\t\t\t\t\t\t\t<img decoding=\"async\" src=\"\/\/www.coztadeluxe.com\/wp-content\/plugins\/revslider\/sr6\/assets\/assets\/dummy.png\" alt=\"\" title=\"Cozta-Casa-Rafalet_6.jpeg\" width=\"1920\" height=\"1080\" class=\"rev-slidebg tp-rs-img rs-lazyload\" data-lazyload=\"\/\/www.coztadeluxe.com\/wp-content\/uploads\/revslider\/video-media\/Cozta-Casa-Rafalet_6.jpeg\" data-no-retina>\n\t\t\t\t\t\t\t<rs-bgvideo \n\t\t\t\t\t\t\t\tdata-video=\"w:100%;h:100%;sta:00:02;nse:false;l:true;ptimer:false;vfc:true;\"\n\t\t\t\t\t\t\t\tdata-mp4=\"\/\/www.coztadeluxe.com\/wp-content\/uploads\/2026\/03\/Cozta-Casa-Rafalet.mp4\"\n\t\t\t\t\t\t\t><\/rs-bgvideo>\n<!--\n\t\t\t\t\t\t\t--><rs-layer\n\t\t\t\t\t\t\t\tid=\"slider-4-slide-6-layer-0\" \n\t\t\t\t\t\t\t\tdata-type=\"image\"\n\t\t\t\t\t\t\t\tdata-rsp_ch=\"on\"\n\t\t\t\t\t\t\t\tdata-xy=\"x:c;y:m;yo:0,0,0,-40px;\"\n\t\t\t\t\t\t\t\tdata-text=\"w:normal;s:20,20,20,7;l:0,0,0,9;\"\n\t\t\t\t\t\t\t\tdata-dim=\"w:771px,771px,771px,297px;h:220px,220px,220px,84px;\"\n\t\t\t\t\t\t\t\tdata-frame_0=\"y:50,50,50,19;\"\n\t\t\t\t\t\t\t\tdata-frame_1=\"st:190;sp:1000;sR:190;\"\n\t\t\t\t\t\t\t\tdata-frame_999=\"o:0;st:w;sR:7810;\"\n\t\t\t\t\t\t\t\tstyle=\"z-index:7;\"\n\t\t\t\t\t\t\t><img decoding=\"async\" src=\"\/\/www.coztadeluxe.com\/wp-content\/plugins\/revslider\/sr6\/assets\/assets\/dummy.png\" alt=\"\" class=\"tp-rs-img rs-lazyload\" width=\"590\" height=\"168\" data-lazyload=\"\/\/www.coztadeluxe.com\/wp-content\/uploads\/2023\/02\/CdL_wit_text.png\" data-no-retina> \n\t\t\t\t\t\t\t<\/rs-layer><!--\n\n\t\t\t\t\t\t\t--><rs-layer\n\t\t\t\t\t\t\t\tid=\"slider-4-slide-6-layer-1\" \n\t\t\t\t\t\t\t\tdata-type=\"shape\"\n\t\t\t\t\t\t\t\tdata-rsp_ch=\"on\"\n\t\t\t\t\t\t\t\tdata-xy=\"x:c;y:m;yo:20px,20px,20px,7px;\"\n\t\t\t\t\t\t\t\tdata-text=\"w:normal;s:20,20,20,7;l:0,0,0,9;\"\n\t\t\t\t\t\t\t\tdata-dim=\"w:3000px,3000px,3000px,1160px;h:2000px,2000px,2000px,773px;\"\n\t\t\t\t\t\t\t\tdata-frame_999=\"o:0;st:w;sR:8700;\"\n\t\t\t\t\t\t\t\tstyle=\"z-index:6;background-color:rgba(0,0,0,0.13);\"\n\t\t\t\t\t\t\t> \n\t\t\t\t\t\t\t<\/rs-layer><!--\n\n\t\t\t\t\t\t\t--><a\n\t\t\t\t\t\t\t\tid=\"slider-4-slide-6-layer-2\" \n\t\t\t\t\t\t\t\tclass=\"rs-layer rev-btn\"\n\t\t\t\t\t\t\t\thref=\"\/de\/villa-kaufen\/\" target=\"_self\"\n\t\t\t\t\t\t\t\tdata-type=\"button\"\n\t\t\t\t\t\t\t\tdata-rsp_ch=\"on\"\n\t\t\t\t\t\t\t\tdata-xy=\"x:c;xo:9px,9px,9px,0;yo:425px,425px,425px,441px;\"\n\t\t\t\t\t\t\t\tdata-text=\"w:normal;s:18,18,18,15;l:56,56,56,37;fw:700;\"\n\t\t\t\t\t\t\t\tdata-dim=\"minh:0,0,0,none;\"\n\t\t\t\t\t\t\t\tdata-padding=\"t:5,5,5,4;r:35,35,35,26;b:5,5,5,4;l:35,35,35,26;\"\n\t\t\t\t\t\t\t\tdata-border=\"bos:solid;boc:#ffffff;bow:2px,2px,2px,2px;\"\n\t\t\t\t\t\t\t\tdata-frame_0=\"x:0,0,0,0px;y:50,50,50,36px;\"\n\t\t\t\t\t\t\t\tdata-frame_1=\"x:0,0,0,0px;y:0,0,0,0px;st:550;sp:1000;sR:550;\"\n\t\t\t\t\t\t\t\tdata-frame_999=\"o:0;st:w;sR:7450;\"\n\t\t\t\t\t\t\t\tdata-frame_hover=\"c:#000;bgc:#fff;boc:rgba(255,255,255,0.75);bor:0px,0px,0px,0px;bos:solid;bow:2px,2px,2px,2px;e:power1.inOut;\"\n\t\t\t\t\t\t\t\tstyle=\"z-index:8;background-color:rgba(0,0,0,0);font-family:'Lato';\"\n\t\t\t\t\t\t\t>ANGEBOT ANSEHEN \n\t\t\t\t\t\t\t<\/a><!--\n\n\t\t\t\t\t\t\t--><rs-layer\n\t\t\t\t\t\t\t\tid=\"slider-4-slide-6-layer-4\" \n\t\t\t\t\t\t\t\tdata-type=\"shape\"\n\t\t\t\t\t\t\t\tdata-rsp_ch=\"on\"\n\t\t\t\t\t\t\t\tdata-xy=\"x:c;y:m;yo:20px,20px,20px,7px;\"\n\t\t\t\t\t\t\t\tdata-text=\"w:normal;s:20,20,20,7;l:0,0,0,9;\"\n\t\t\t\t\t\t\t\tdata-dim=\"w:3000px,3000px,3000px,1160px;h:2000px,2000px,2000px,773px;\"\n\t\t\t\t\t\t\t\tdata-vbility=\"f,f,f,t\"\n\t\t\t\t\t\t\t\tdata-frame_999=\"o:0;st:w;sR:8700;\"\n\t\t\t\t\t\t\t\tstyle=\"z-index:6;background-color:rgba(0,0,0,0.13);\"\n\t\t\t\t\t\t\t> \n\t\t\t\t\t\t\t<\/rs-layer><!--\n-->\t\t\t\t\t<\/rs-slide>\n\t\t\t\t\t<\/rs-slides>\n\t\t\t\t<\/rs-module>\n\t\t\t\t<script>\n\t\t\t\t\tsetREVStartSize({c: 'rev_slider_4_1',rl:[1240,1240,1240,480],el:[550,550,550,649],gw:[1240,1240,1240,480],gh:[550,550,550,650],type:'hero',justify:'',layout:'fullwidth',mh:\"0\"});if (window.RS_MODULES!==undefined && window.RS_MODULES.modules!==undefined && window.RS_MODULES.modules[\"revslider41\"]!==undefined) {window.RS_MODULES.modules[\"revslider41\"].once = false;window.revapi4 = undefined;if (window.RS_MODULES.checkMinimal!==undefined) window.RS_MODULES.checkMinimal()}\n\t\t\t\t<\/script>\n\t\t\t<\/rs-module-wrap>\n\t\t\t<!-- END REVOLUTION SLIDER -->\n[\/vc_column][\/vc_row][vc_row full_width=&#8220;stretch_row&#8220; row_padding_top=&#8220;padding_top_2-3&#8243; css=&#8220;.vc_custom_1679477774411{background-color: #ffffff !important;}&#8220;][vc_column width=&#8220;1\/12&#8243;][\/vc_column][vc_column width=&#8220;10\/12&#8243;][vc_single_image image=&#8220;961&#8243; img_size=&#8220;full&#8220; alignment=&#8220;center&#8220;][vc_column_text css=&#8220;.vc_custom_1705659464629{margin-top: 7px !important;}&#8220;]<\/p>\n<p style=\"text-align: center;\">Ein Sonnenuntergang vor dem Hintergrund eines azurblauen Meeres. Ein wolkenloser Himmel, der Platz f\u00fcr eine laue Abendbrise l\u00e4sst. In der spanischen Region Valencia, in der Provinz Alicante, liegen die authentischen Fischerd\u00f6rfer J\u00e1vea und Moraira. Verborgene Perlen des reinen mediterranen Lebens. Ein Ort, um unvergessliche Erinnerungen mit Familie und Freunden zu schaffen. COZTA de LUXE \u00f6ffnet die T\u00fcr zum Kauf oder zur Miete Ihrer eigenen luxuri\u00f6sen mediterranen Immobilie in dieser Region. Moderne schl\u00fcsselfertige freistehende H\u00e4user, die Qualit\u00e4t, Klasse und Komfort ausstrahlen. Sie sind mit einem erhabenen, reinen Stil entworfen und nach den h\u00f6chsten niederl\u00e4ndischen Standards f\u00fcr Qualit\u00e4t und Nachhaltigkeit renoviert oder gebaut worden.<\/p>\n<p>[\/vc_column_text][\/vc_column][vc_column width=&#8220;1\/12&#8243;][\/vc_column][\/vc_row][vc_row full_width=&#8220;stretch_row&#8220; gap=&#8220;20&#8243; row_padding_top=&#8220;padding_top_none&#8220; row_padding_bottom=&#8220;padding_bottom_none&#8220; css=&#8220;.vc_custom_1681827322980{margin-top: -100px !important;background-color: #ffffff !important;}&#8220; el_class=&#8220;hidemobile1&#8243;][vc_column width=&#8220;1\/5&#8243;][\/vc_column][vc_column width=&#8220;1\/5&#8243;][vc_single_image image=&#8220;5245&#8243; img_size=&#8220;medium&#8220; alignment=&#8220;center&#8220; css=&#8220;.vc_custom_1773432133722{margin-right: 30px !important;margin-left: 30px !important;}&#8220;][\/vc_column][vc_column width=&#8220;1\/5&#8243;][vc_single_image image=&#8220;5272&#8243; img_size=&#8220;200&#215;191&#8243; alignment=&#8220;center&#8220; css=&#8220;.vc_custom_1773433245027{margin-right: 30px !important;margin-left: 30px !important;}&#8220;][\/vc_column][vc_column width=&#8220;1\/5&#8243;][vc_single_image image=&#8220;5244&#8243; img_size=&#8220;200&#215;191&#8243; alignment=&#8220;center&#8220; css=&#8220;.vc_custom_1773432073304{margin-right: 30px !important;margin-left: 30px !important;}&#8220;][\/vc_column][vc_column width=&#8220;1\/5&#8243;][\/vc_column][\/vc_row][vc_row full_width=&#8220;stretch_row_content_no_spaces&#8220; gap=&#8220;20&#8243; row_padding_top=&#8220;padding_top_none&#8220; row_padding_bottom=&#8220;padding_bottom_none&#8220; css=&#8220;.vc_custom_1681828003491{margin-top: -110px !important;margin-bottom: -10px !important;background-color: #ffffff !important;}&#8220; el_class=&#8220;hidedesktop1&#8243;][vc_column][vc_single_image image=&#8220;2021&#8243; img_size=&#8220;&#8220; alignment=&#8220;center&#8220;][\/vc_column][\/vc_row][vc_row full_width=&#8220;stretch_row&#8220; transparent=&#8220;transparent&#8220; row_padding_top=&#8220;padding_top_none&#8220; el_class=&#8220;negative_margin_bottom_150_front&#8220; css=&#8220;.vc_custom_1689798454939{padding-top: 20px !important;background-color: #ffffff !important;}&#8220;][vc_column width=&#8220;1\/2&#8243; css=&#8220;.vc_custom_1689798105754{background-position: center !important;background-repeat: no-repeat !important;background-size: cover !important;}&#8220;]<!-- ========================== HOVER BOX ==========================-->\n\n<div style=\"background-image: url('https:\/\/www.coztadeluxe.com\/wp-content\/uploads\/2023\/03\/huis-huren-1.jpg')\" class=\"hoverbox wpb_content_element black_section neutralize_links stretchy_wrapper ratio_3-4   vc_custom_1713352866653\">\n<div class=\"hoverbox_tran black_section transparent_film\"><\/div>\n\t<a href=\"\/de\/ueber-uns\/\">\n\t\t<div class=\"hoverbox_title\">\n\t\t\t<h2>\u00dcBER UNS<\/h2>\n\t\t<\/div>\n\t\t<div class=\"hoverbox_paragraph\">\n\t\t\t<p>In Luxus die Freiheit, die Natur und den Raum genie\u00dfen. Die Ferienh\u00e4user von COZTA de LUXE vermitteln genau dieses Gef\u00fchl. Entspannen Sie sich und lassen Sie sich vom Rhythmus des mediterranen Sommerurlaubs auf Ihrer eigenen Terrasse mitrei\u00dfen. Spazieren Sie von Ihrem Haus zu den sch\u00f6nsten Buchten, H\u00f6hlen und Str\u00e4nden. Oder verbringen Sie den Winter in einer unserer modern eingerichteten Villen und erleben Sie sonnige Momente in der kalten Jahreszeit.<\/p>\n\t\t<\/div>\n\t<\/a>\t\n<\/div>\n\n<!-- END======================= HOVER BOX ==========================-->[\/vc_column][vc_column width=&#8220;1\/2&#8243;]<!-- ========================== HOVER BOX ==========================-->\n\n<div style=\"background-image: url('https:\/\/www.coztadeluxe.com\/wp-content\/uploads\/2023\/03\/huis-kopen-1.jpg')\" class=\"hoverbox wpb_content_element black_section neutralize_links stretchy_wrapper ratio_3-4   vc_custom_1713352895328\">\n<div class=\"hoverbox_tran black_section transparent_film\"><\/div>\n\t<a href=\"\/de\/villa-kaufen\/\">\n\t\t<div class=\"hoverbox_title\">\n\t\t\t<h2>VILLA KAUFEN<\/h2>\n\t\t<\/div>\n\t\t<div class=\"hoverbox_paragraph\">\n\t\t\t<p>M\u00f6chten Sie eine Villa kaufen? Klicken Sie hier f\u00fcr weitere Informationen.<\/p>\n\t\t<\/div>\n\t<\/a>\t\n<\/div>\n\n<!-- END======================= HOVER BOX ==========================-->[\/vc_column][\/vc_row][vc_row full_width=&#8220;stretch_row_content_no_spaces&#8220; transparent=&#8220;transparent&#8220; row_padding_bottom=&#8220;padding_bottom_none&#8220; css=&#8220;.vc_custom_1680266492198{margin-bottom: -50px !important;padding-top: 130px !important;padding-bottom: 130px !important;background-image: url(https:\/\/www.coztadeluxe.com\/wp-content\/uploads\/2023\/03\/achtergrond-home-2.jpg?id=1840) !important;background-position: center !important;background-repeat: no-repeat !important;background-size: cover !important;}&#8220; el_class=&#8220;hidemobile1&#8243;][vc_column][vc_empty_space height=&#8220;200px&#8220;][vc_row_inner transparent=&#8220;transparent&#8220; row_padding_top=&#8220;padding_top_none&#8220; row_padding_bottom=&#8220;padding_bottom_none&#8220;][vc_column_inner width=&#8220;1\/12&#8243;][\/vc_column_inner][vc_column_inner width=&#8220;10\/12&#8243;][vc_single_image image=&#8220;1843&#8243; img_size=&#8220;full&#8220; alignment=&#8220;center&#8220;][\/vc_column_inner][vc_column_inner width=&#8220;1\/12&#8243;][\/vc_column_inner][\/vc_row_inner][vc_empty_space height=&#8220;50px&#8220;][\/vc_column][\/vc_row][vc_row full_width=&#8220;stretch_row_content_no_spaces&#8220; row_padding_top=&#8220;padding_top_none&#8220; row_padding_bottom=&#8220;padding_bottom_none&#8220; el_class=&#8220;hidedesktop1&#8243; css=&#8220;.vc_custom_1678889649393{background-image: url(https:\/\/www.coztadeluxe.com\/wp-content\/uploads\/2023\/02\/collecting-beautiful-moments.jpg?id=1006) !important;}&#8220;][vc_column][vc_empty_space height=&#8220;100px&#8220;][\/vc_column][\/vc_row][vc_row full_width=&#8220;stretch_row&#8220; transparent=&#8220;transparent&#8220; row_padding_top=&#8220;padding_top_none&#8220; row_padding_bottom=&#8220;padding_bottom_none&#8220; css=&#8220;.vc_custom_1676007711570{background-color: #ffffff !important;}&#8220;][vc_column][vc_empty_space height=&#8220;100px&#8220;][\/vc_column][\/vc_row][vc_row full_width=&#8220;stretch_row_content_no_spaces&#8220; css=&#8220;.vc_custom_1675948486974{padding-top: 200px !important;padding-bottom: 200px !important;background-image: url(https:\/\/www.coztadeluxe.com\/wp-content\/uploads\/2023\/02\/afbeelding-cozta-home-1.jpg?id=967) !important;background-position: center !important;background-repeat: no-repeat !important;background-size: cover !important;}&#8220;][vc_column width=&#8220;1\/2&#8243;][\/vc_column][vc_column width=&#8220;1\/2&#8243; css=&#8220;.vc_custom_1675948308100{padding-top: 50px !important;padding-right: 50px !important;padding-bottom: 50px !important;padding-left: 50px !important;background-color: #005f97 !important;background-position: center !important;background-repeat: no-repeat !important;background-size: cover !important;}&#8220;][vc_column_text]<\/p>\n<h2 style=\"text-align: left; color: white;\">J\u00c1VEA UND MORAIRA<\/h2>\n<p>[\/vc_column_text][vc_column_text]<\/p>\n<p style=\"text-align: left; color: white;\">COZTA de LUXE ist spezialisiert auf Immobilien in J\u00e1vea und Moraira. Zwei wundersch\u00f6ne historische D\u00f6rfer an der azurblauen spanischen K\u00fcste zwischen Valencia und Alicante. Das ganze Jahr \u00fcber k\u00f6nnen Sie dort das sonnige mediterrane Klima und die wundersch\u00f6nen Str\u00e4nde genie\u00dfen. Die Landschaft bietet au\u00dferdem Berge und T\u00e4ler von seltener Sch\u00f6nheit. Die Region ist auch reich an Geschichte und Kultur. Die Kombination aus Strand, abwechslungsreicher Landschaft und Altstadt vervollst\u00e4ndigt das spanische Erlebnis.<\/p>\n<p>[\/vc_column_text]<div class=\"plethora_button wpb_content_element   text-left \">\n    <a href=\"https:\/\/www.coztadeluxe.com\/de\/javea-en-moraira\/\" class=\"btn-lg btn btn-white  \" title=\"\"  target=\"_self\">\n\n        \n        MEHR ENTDECKEN\n        \n\n    <\/a>\n<\/div>[\/vc_column][\/vc_row]<\/p>\n<\/div>","protected":false},"excerpt":{"rendered":"<p>[vc_row row_padding_bottom=&#8220;padding_bottom_none&#8220; css=&#8220;.vc_custom_1675946128062{margin-top: -100px !important;}&#8220;][vc_column][\/vc_column][\/vc_row][vc_row full_width=&#8220;stretch_row&#8220; row_padding_top=&#8220;padding_top_2-3&#8243; css=&#8220;.vc_custom_1679477774411{background-color: #ffffff !important;}&#8220;][vc_column width=&#8220;1\/12&#8243;][\/vc_column][vc_column width=&#8220;10\/12&#8243;][vc_single_image image=&#8220;961&#8243; img_size=&#8220;full&#8220; alignment=&#8220;center&#8220;][vc_column_text css=&#8220;.vc_custom_1705659464629{margin-top: 7px !important;}&#8220;] Ein Sonnenuntergang vor dem Hintergrund eines azurblauen Meeres. Ein wolkenloser Himmel, der Platz f\u00fcr eine laue Abendbrise l\u00e4sst. In der spanischen Region Valencia, in der Provinz Alicante, liegen die authentischen Fischerd\u00f6rfer J\u00e1vea und Moraira. Verborgene Perlen des [&hellip;]<\/p>\n","protected":false},"author":1,"featured_media":3891,"parent":0,"menu_order":0,"comment_status":"closed","ping_status":"closed","template":"","meta":{"_acf_changed":false,"footnotes":""},"class_list":["post-3890","page","type-page","status-publish","has-post-thumbnail","hentry"],"acf":[],"yoast_head":"<!-- This site is optimized with the Yoast SEO plugin v27.5 - https:\/\/yoast.com\/product\/yoast-seo-wordpress\/ -->\n<title>Exklusive Immobilien an der Costa Blanca - COZTA de LUXE<\/title>\n<meta name=\"description\" content=\"Exklusive Immobilien - Ihr eigenes luxuri\u00f6ses mediterranes Zuhause an der Costa Blanca. Moderne freistehende schl\u00fcsselfertige Villen\" \/>\n<meta name=\"robots\" content=\"index, follow, max-snippet:-1, max-image-preview:large, max-video-preview:-1\" \/>\n<link rel=\"canonical\" href=\"https:\/\/www.coztadeluxe.com\/de\/\" \/>\n<meta property=\"og:locale\" content=\"de_DE\" \/>\n<meta property=\"og:type\" content=\"article\" \/>\n<meta property=\"og:title\" content=\"Exklusive Immobilien an der Costa Blanca - COZTA de LUXE\" \/>\n<meta property=\"og:description\" content=\"Exklusive Immobilien - Ihr eigenes luxuri\u00f6ses mediterranes Zuhause an der Costa Blanca. Moderne freistehende schl\u00fcsselfertige Villen\" \/>\n<meta property=\"og:url\" content=\"https:\/\/www.coztadeluxe.com\/de\/\" \/>\n<meta property=\"og:site_name\" content=\"COZTA de LUXE\" \/>\n<meta property=\"article:modified_time\" content=\"2026-03-13T20:20:47+00:00\" \/>\n<meta property=\"og:image\" content=\"https:\/\/www.coztadeluxe.com\/wp-content\/uploads\/2016\/11\/home-1.jpg\" \/>\n\t<meta property=\"og:image:width\" content=\"1600\" \/>\n\t<meta property=\"og:image:height\" content=\"900\" \/>\n\t<meta property=\"og:image:type\" content=\"image\/jpeg\" \/>\n<meta name=\"twitter:card\" content=\"summary_large_image\" \/>\n<meta name=\"twitter:label1\" content=\"Gesch\u00e4tzte Lesezeit\" \/>\n\t<meta name=\"twitter:data1\" content=\"4\u00a0Minuten\" \/>\n<script type=\"application\/ld+json\" class=\"yoast-schema-graph\">{\"@context\":\"https:\\\/\\\/schema.org\",\"@graph\":[{\"@type\":\"WebPage\",\"@id\":\"https:\\\/\\\/www.coztadeluxe.com\\\/de\\\/\",\"url\":\"https:\\\/\\\/www.coztadeluxe.com\\\/de\\\/\",\"name\":\"Exklusive Immobilien an der Costa Blanca - COZTA de LUXE\",\"isPartOf\":{\"@id\":\"https:\\\/\\\/www.coztadeluxe.com\\\/de\\\/#website\"},\"primaryImageOfPage\":{\"@id\":\"https:\\\/\\\/www.coztadeluxe.com\\\/de\\\/#primaryimage\"},\"image\":{\"@id\":\"https:\\\/\\\/www.coztadeluxe.com\\\/de\\\/#primaryimage\"},\"thumbnailUrl\":\"https:\\\/\\\/www.coztadeluxe.com\\\/wp-content\\\/uploads\\\/2016\\\/11\\\/home-1.jpg\",\"datePublished\":\"2016-11-23T14:33:15+00:00\",\"dateModified\":\"2026-03-13T20:20:47+00:00\",\"description\":\"Exklusive Immobilien - Ihr eigenes luxuri\u00f6ses mediterranes Zuhause an der Costa Blanca. Moderne freistehende schl\u00fcsselfertige Villen\",\"breadcrumb\":{\"@id\":\"https:\\\/\\\/www.coztadeluxe.com\\\/de\\\/#breadcrumb\"},\"inLanguage\":\"de\",\"potentialAction\":[{\"@type\":\"ReadAction\",\"target\":[\"https:\\\/\\\/www.coztadeluxe.com\\\/de\\\/\"]}]},{\"@type\":\"ImageObject\",\"inLanguage\":\"de\",\"@id\":\"https:\\\/\\\/www.coztadeluxe.com\\\/de\\\/#primaryimage\",\"url\":\"https:\\\/\\\/www.coztadeluxe.com\\\/wp-content\\\/uploads\\\/2016\\\/11\\\/home-1.jpg\",\"contentUrl\":\"https:\\\/\\\/www.coztadeluxe.com\\\/wp-content\\\/uploads\\\/2016\\\/11\\\/home-1.jpg\",\"width\":1600,\"height\":900},{\"@type\":\"BreadcrumbList\",\"@id\":\"https:\\\/\\\/www.coztadeluxe.com\\\/de\\\/#breadcrumb\",\"itemListElement\":[{\"@type\":\"ListItem\",\"position\":1,\"name\":\"Home\",\"item\":\"https:\\\/\\\/www.coztadeluxe.com\\\/de\\\/\"},{\"@type\":\"ListItem\",\"position\":2,\"name\":\"Home\"}]},{\"@type\":\"WebSite\",\"@id\":\"https:\\\/\\\/www.coztadeluxe.com\\\/de\\\/#website\",\"url\":\"https:\\\/\\\/www.coztadeluxe.com\\\/de\\\/\",\"name\":\"COZTA de LUXE\",\"description\":\"Makes mediterranean dreams come true\",\"potentialAction\":[{\"@type\":\"SearchAction\",\"target\":{\"@type\":\"EntryPoint\",\"urlTemplate\":\"https:\\\/\\\/www.coztadeluxe.com\\\/de\\\/?s={search_term_string}\"},\"query-input\":{\"@type\":\"PropertyValueSpecification\",\"valueRequired\":true,\"valueName\":\"search_term_string\"}}],\"inLanguage\":\"de\"}]}<\/script>\n<!-- \/ Yoast SEO plugin. -->","yoast_head_json":{"title":"Exklusive Immobilien an der Costa Blanca - COZTA de LUXE","description":"Exklusive Immobilien - Ihr eigenes luxuri\u00f6ses mediterranes Zuhause an der Costa Blanca. Moderne freistehende schl\u00fcsselfertige Villen","robots":{"index":"index","follow":"follow","max-snippet":"max-snippet:-1","max-image-preview":"max-image-preview:large","max-video-preview":"max-video-preview:-1"},"canonical":"https:\/\/www.coztadeluxe.com\/de\/","og_locale":"de_DE","og_type":"article","og_title":"Exklusive Immobilien an der Costa Blanca - COZTA de LUXE","og_description":"Exklusive Immobilien - Ihr eigenes luxuri\u00f6ses mediterranes Zuhause an der Costa Blanca. Moderne freistehende schl\u00fcsselfertige Villen","og_url":"https:\/\/www.coztadeluxe.com\/de\/","og_site_name":"COZTA de LUXE","article_modified_time":"2026-03-13T20:20:47+00:00","og_image":[{"width":1600,"height":900,"url":"https:\/\/www.coztadeluxe.com\/wp-content\/uploads\/2016\/11\/home-1.jpg","type":"image\/jpeg"}],"twitter_card":"summary_large_image","twitter_misc":{"Gesch\u00e4tzte Lesezeit":"4\u00a0Minuten"},"schema":{"@context":"https:\/\/schema.org","@graph":[{"@type":"WebPage","@id":"https:\/\/www.coztadeluxe.com\/de\/","url":"https:\/\/www.coztadeluxe.com\/de\/","name":"Exklusive Immobilien an der Costa Blanca - COZTA de LUXE","isPartOf":{"@id":"https:\/\/www.coztadeluxe.com\/de\/#website"},"primaryImageOfPage":{"@id":"https:\/\/www.coztadeluxe.com\/de\/#primaryimage"},"image":{"@id":"https:\/\/www.coztadeluxe.com\/de\/#primaryimage"},"thumbnailUrl":"https:\/\/www.coztadeluxe.com\/wp-content\/uploads\/2016\/11\/home-1.jpg","datePublished":"2016-11-23T14:33:15+00:00","dateModified":"2026-03-13T20:20:47+00:00","description":"Exklusive Immobilien - Ihr eigenes luxuri\u00f6ses mediterranes Zuhause an der Costa Blanca. Moderne freistehende schl\u00fcsselfertige Villen","breadcrumb":{"@id":"https:\/\/www.coztadeluxe.com\/de\/#breadcrumb"},"inLanguage":"de","potentialAction":[{"@type":"ReadAction","target":["https:\/\/www.coztadeluxe.com\/de\/"]}]},{"@type":"ImageObject","inLanguage":"de","@id":"https:\/\/www.coztadeluxe.com\/de\/#primaryimage","url":"https:\/\/www.coztadeluxe.com\/wp-content\/uploads\/2016\/11\/home-1.jpg","contentUrl":"https:\/\/www.coztadeluxe.com\/wp-content\/uploads\/2016\/11\/home-1.jpg","width":1600,"height":900},{"@type":"BreadcrumbList","@id":"https:\/\/www.coztadeluxe.com\/de\/#breadcrumb","itemListElement":[{"@type":"ListItem","position":1,"name":"Home","item":"https:\/\/www.coztadeluxe.com\/de\/"},{"@type":"ListItem","position":2,"name":"Home"}]},{"@type":"WebSite","@id":"https:\/\/www.coztadeluxe.com\/de\/#website","url":"https:\/\/www.coztadeluxe.com\/de\/","name":"COZTA de LUXE","description":"Makes mediterranean dreams come true","potentialAction":[{"@type":"SearchAction","target":{"@type":"EntryPoint","urlTemplate":"https:\/\/www.coztadeluxe.com\/de\/?s={search_term_string}"},"query-input":{"@type":"PropertyValueSpecification","valueRequired":true,"valueName":"search_term_string"}}],"inLanguage":"de"}]}},"_links":{"self":[{"href":"https:\/\/www.coztadeluxe.com\/de\/wp-json\/wp\/v2\/pages\/3890","targetHints":{"allow":["GET"]}}],"collection":[{"href":"https:\/\/www.coztadeluxe.com\/de\/wp-json\/wp\/v2\/pages"}],"about":[{"href":"https:\/\/www.coztadeluxe.com\/de\/wp-json\/wp\/v2\/types\/page"}],"author":[{"embeddable":true,"href":"https:\/\/www.coztadeluxe.com\/de\/wp-json\/wp\/v2\/users\/1"}],"replies":[{"embeddable":true,"href":"https:\/\/www.coztadeluxe.com\/de\/wp-json\/wp\/v2\/comments?post=3890"}],"version-history":[{"count":10,"href":"https:\/\/www.coztadeluxe.com\/de\/wp-json\/wp\/v2\/pages\/3890\/revisions"}],"predecessor-version":[{"id":5273,"href":"https:\/\/www.coztadeluxe.com\/de\/wp-json\/wp\/v2\/pages\/3890\/revisions\/5273"}],"wp:featuredmedia":[{"embeddable":true,"href":"https:\/\/www.coztadeluxe.com\/de\/wp-json\/wp\/v2\/media\/3891"}],"wp:attachment":[{"href":"https:\/\/www.coztadeluxe.com\/de\/wp-json\/wp\/v2\/media?parent=3890"}],"curies":[{"name":"wp","href":"https:\/\/api.w.org\/{rel}","templated":true}]}}